{"id":9510,"date":"2024-11-13T13:01:39","date_gmt":"2024-11-13T12:01:39","guid":{"rendered":"https:\/\/ptshorn.ac.at\/wordpress\/?page_id=9510"},"modified":"2024-11-13T13:02:49","modified_gmt":"2024-11-13T12:02:49","slug":"schulsozialarbeit","status":"publish","type":"page","link":"https:\/\/ptshorn.ac.at\/wordpress\/ueber-uns\/schulsozialarbeit\/","title":{"rendered":"Schulsozialarbeit"},"content":{"rendered":"<p><img decoding=\"async\" class=\"wp-image-3439 aligncenter lazyload\" data-src=\"https:\/\/ptshorn.ac.at\/wordpress\/wp-content\/uploads\/2020\/10\/Trennlinie-300x24.png\" alt=\"\" width=\"188\" height=\"15\" data-srcset=\"https:\/\/ptshorn.ac.at\/wordpress\/wp-content\/uploads\/2020\/10\/Trennlinie-300x24.png 300w, https:\/\/ptshorn.ac.at\/wordpress\/wp-content\/uploads\/2020\/10\/Trennlinie.png 438w\" data-sizes=\"(max-width: 188px) 100vw, 188px\" src=\"data:image\/svg+xml;base64,PHN2ZyB3aWR0aD0iMSIgaGVpZ2h0PSIxIiB4bWxucz0iaHR0cDovL3d3dy53My5vcmcvMjAwMC9zdmciPjwvc3ZnPg==\" style=\"--smush-placeholder-width: 188px; --smush-placeholder-aspect-ratio: 188\/15;\" \/><\/p>\n<p class=\"x_MsoNormal\"><span lang=\"DE\" data-olk-copy-source=\"MessageBody\"><img decoding=\"async\" class=\"wp-image-9511 alignleft lazyload\" data-src=\"https:\/\/ptshorn.ac.at\/wordpress\/wp-content\/uploads\/2024\/11\/Wolfgang-Rydlo_6x6cm300ppi_002-300x300.jpg\" alt=\"\" width=\"206\" height=\"206\" data-srcset=\"https:\/\/ptshorn.ac.at\/wordpress\/wp-content\/uploads\/2024\/11\/Wolfgang-Rydlo_6x6cm300ppi_002-300x300.jpg 300w, https:\/\/ptshorn.ac.at\/wordpress\/wp-content\/uploads\/2024\/11\/Wolfgang-Rydlo_6x6cm300ppi_002-150x150.jpg 150w, https:\/\/ptshorn.ac.at\/wordpress\/wp-content\/uploads\/2024\/11\/Wolfgang-Rydlo_6x6cm300ppi_002-200x200.jpg 200w, https:\/\/ptshorn.ac.at\/wordpress\/wp-content\/uploads\/2024\/11\/Wolfgang-Rydlo_6x6cm300ppi_002-100x100.jpg 100w, https:\/\/ptshorn.ac.at\/wordpress\/wp-content\/uploads\/2024\/11\/Wolfgang-Rydlo_6x6cm300ppi_002.jpg 709w\" data-sizes=\"(max-width: 206px) 100vw, 206px\" src=\"data:image\/svg+xml;base64,PHN2ZyB3aWR0aD0iMSIgaGVpZ2h0PSIxIiB4bWxucz0iaHR0cDovL3d3dy53My5vcmcvMjAwMC9zdmciPjwvc3ZnPg==\" style=\"--smush-placeholder-width: 206px; --smush-placeholder-aspect-ratio: 206\/206;\" \/>Die Polytechnische Schule Horn bietet den Sch\u00fclerinnen und Sch\u00fclern die M\u00f6glichkeit, Schulsozialarbeit in Anspruch zu nehmen. <\/span><span lang=\"DE\">Schulsozialarbeit<\/span><span lang=\"DE\">\u00a0wird vom Nieder\u00f6sterreichischen Hilfswerk direkt in der Schule durchgef\u00fchrt.<\/span><\/p>\n<p class=\"x_MsoNormal\"><b><span lang=\"DE\">Das Angebot ist freiwillig, kostenlos und vertraulich<\/span><\/b><span lang=\"DE\">. Die Sch\u00fclerinnen und Sch\u00fcler k\u00f6nnen mit einem Sozialarbeiter, der 1x w\u00f6chentlich an die Schule kommt, \u00fcber alles sprechen, was ihnen wichtig ist. Die Themenbereiche sind sehr vielf\u00e4ltig: Schulisches, pers\u00f6nliches Befinden, Freundschaft, Freizeit, Famili\u00e4res, etc. Der Schulsozialarbeiter ber\u00e4t und unterst\u00fctzt die Sch\u00fclerinnen und Sch\u00fcler.<\/span><\/p>\n<p class=\"x_MsoNormal\"><span lang=\"DE\"><strong>Mag. (FH) Wolfgang Rydlo<\/strong><br \/>\n<em>Sozialarbeiter<\/em><br \/>\nAngebotsbereich Schulsozialarbeit<\/p>\n<p>Beratungszeiten: Montag 8:30-11:30<br \/>\n<\/span><span lang=\"DE\">Tel.: 0676 8787 44 338<br \/>\n<\/span>Mail: wolfgang.rydlo@noe.hilfswerk.at<\/p>\n","protected":false},"excerpt":{"rendered":"<p>Die Polytechnische Schule Horn bietet den Sch\u00fclerinnen und Sch\u00fclern die M\u00f6glichkeit, Schulsozialarbeit in Anspruch zu nehmen. Schulsozialarbeit\u00a0wird vom Nieder\u00f6sterreichischen Hilfswerk direkt in der Schule durchgef\u00fchrt. Das Angebot ist freiwillig, kostenlos und vertraulich. Die Sch\u00fclerinnen und Sch\u00fcler k\u00f6nnen mit einem Sozialarbeiter, der 1x w\u00f6chentlich an die Schule kommt, \u00fcber alles sprechen, was ihnen wichtig ist. Die Themenbereiche [&hellip;]<\/p>\n","protected":false},"author":5,"featured_media":0,"parent":444,"menu_order":0,"comment_status":"closed","ping_status":"closed","template":"","meta":{"footnotes":""},"class_list":["post-9510","page","type-page","status-publish","hentry"],"yoast_head":"<!-- This site is optimized with the Yoast SEO plugin v26.6 - https:\/\/yoast.com\/wordpress\/plugins\/seo\/ -->\n<title>Schulsozialarbeit - PTS Horn<\/title>\n<meta name=\"robots\" content=\"index, follow, max-snippet:-1, max-image-preview:large, max-video-preview:-1\" \/>\n<link rel=\"canonical\" href=\"https:\/\/ptshorn.ac.at\/wordpress\/ueber-uns\/schulsozialarbeit\/\" \/>\n<meta property=\"og:locale\" content=\"de_DE\" \/>\n<meta property=\"og:type\" content=\"article\" \/>\n<meta property=\"og:title\" content=\"Schulsozialarbeit - PTS Horn\" \/>\n<meta property=\"og:description\" content=\"Die Polytechnische Schule Horn bietet den Sch\u00fclerinnen und Sch\u00fclern die M\u00f6glichkeit, Schulsozialarbeit in Anspruch zu nehmen. Schulsozialarbeit\u00a0wird vom Nieder\u00f6sterreichischen Hilfswerk direkt in der Schule durchgef\u00fchrt. Das Angebot ist freiwillig, kostenlos und vertraulich. Die Sch\u00fclerinnen und Sch\u00fcler k\u00f6nnen mit einem Sozialarbeiter, der 1x w\u00f6chentlich an die Schule kommt, \u00fcber alles sprechen, was ihnen wichtig ist. Die Themenbereiche [&hellip;]\" \/>\n<meta property=\"og:url\" content=\"https:\/\/ptshorn.ac.at\/wordpress\/ueber-uns\/schulsozialarbeit\/\" \/>\n<meta property=\"og:site_name\" content=\"PTS Horn\" \/>\n<meta property=\"article:modified_time\" content=\"2024-11-13T12:02:49+00:00\" \/>\n<meta property=\"og:image\" content=\"https:\/\/ptshorn.ac.at\/wordpress\/wp-content\/uploads\/2020\/10\/Trennlinie-300x24.png\" \/>\n<meta name=\"twitter:card\" content=\"summary_large_image\" \/>\n<meta name=\"twitter:label1\" content=\"Gesch\u00e4tzte Lesezeit\" \/>\n\t<meta name=\"twitter:data1\" content=\"1\u00a0Minute\" \/>\n<script type=\"application\/ld+json\" class=\"yoast-schema-graph\">{\"@context\":\"https:\/\/schema.org\",\"@graph\":[{\"@type\":\"WebPage\",\"@id\":\"https:\/\/ptshorn.ac.at\/wordpress\/ueber-uns\/schulsozialarbeit\/\",\"url\":\"https:\/\/ptshorn.ac.at\/wordpress\/ueber-uns\/schulsozialarbeit\/\",\"name\":\"Schulsozialarbeit - PTS Horn\",\"isPartOf\":{\"@id\":\"https:\/\/ptshorn.ac.at\/wordpress\/#website\"},\"primaryImageOfPage\":{\"@id\":\"https:\/\/ptshorn.ac.at\/wordpress\/ueber-uns\/schulsozialarbeit\/#primaryimage\"},\"image\":{\"@id\":\"https:\/\/ptshorn.ac.at\/wordpress\/ueber-uns\/schulsozialarbeit\/#primaryimage\"},\"thumbnailUrl\":\"https:\/\/ptshorn.ac.at\/wordpress\/wp-content\/uploads\/2020\/10\/Trennlinie-300x24.png\",\"datePublished\":\"2024-11-13T12:01:39+00:00\",\"dateModified\":\"2024-11-13T12:02:49+00:00\",\"breadcrumb\":{\"@id\":\"https:\/\/ptshorn.ac.at\/wordpress\/ueber-uns\/schulsozialarbeit\/#breadcrumb\"},\"inLanguage\":\"de\",\"potentialAction\":[{\"@type\":\"ReadAction\",\"target\":[\"https:\/\/ptshorn.ac.at\/wordpress\/ueber-uns\/schulsozialarbeit\/\"]}]},{\"@type\":\"ImageObject\",\"inLanguage\":\"de\",\"@id\":\"https:\/\/ptshorn.ac.at\/wordpress\/ueber-uns\/schulsozialarbeit\/#primaryimage\",\"url\":\"https:\/\/ptshorn.ac.at\/wordpress\/wp-content\/uploads\/2020\/10\/Trennlinie.png\",\"contentUrl\":\"https:\/\/ptshorn.ac.at\/wordpress\/wp-content\/uploads\/2020\/10\/Trennlinie.png\",\"width\":438,\"height\":35},{\"@type\":\"BreadcrumbList\",\"@id\":\"https:\/\/ptshorn.ac.at\/wordpress\/ueber-uns\/schulsozialarbeit\/#breadcrumb\",\"itemListElement\":[{\"@type\":\"ListItem\",\"position\":1,\"name\":\"Startseite\",\"item\":\"https:\/\/ptshorn.ac.at\/wordpress\/\"},{\"@type\":\"ListItem\",\"position\":2,\"name\":\"\u00dcber uns\",\"item\":\"https:\/\/ptshorn.ac.at\/wordpress\/ueber-uns\/\"},{\"@type\":\"ListItem\",\"position\":3,\"name\":\"Schulsozialarbeit\"}]},{\"@type\":\"WebSite\",\"@id\":\"https:\/\/ptshorn.ac.at\/wordpress\/#website\",\"url\":\"https:\/\/ptshorn.ac.at\/wordpress\/\",\"name\":\"PTS Horn\",\"description\":\"\",\"potentialAction\":[{\"@type\":\"SearchAction\",\"target\":{\"@type\":\"EntryPoint\",\"urlTemplate\":\"https:\/\/ptshorn.ac.at\/wordpress\/?s={search_term_string}\"},\"query-input\":{\"@type\":\"PropertyValueSpecification\",\"valueRequired\":true,\"valueName\":\"search_term_string\"}}],\"inLanguage\":\"de\"}]}<\/script>\n<!-- \/ Yoast SEO plugin. -->","yoast_head_json":{"title":"Schulsozialarbeit - PTS Horn","robots":{"index":"index","follow":"follow","max-snippet":"max-snippet:-1","max-image-preview":"max-image-preview:large","max-video-preview":"max-video-preview:-1"},"canonical":"https:\/\/ptshorn.ac.at\/wordpress\/ueber-uns\/schulsozialarbeit\/","og_locale":"de_DE","og_type":"article","og_title":"Schulsozialarbeit - PTS Horn","og_description":"Die Polytechnische Schule Horn bietet den Sch\u00fclerinnen und Sch\u00fclern die M\u00f6glichkeit, Schulsozialarbeit in Anspruch zu nehmen. Schulsozialarbeit\u00a0wird vom Nieder\u00f6sterreichischen Hilfswerk direkt in der Schule durchgef\u00fchrt. Das Angebot ist freiwillig, kostenlos und vertraulich. Die Sch\u00fclerinnen und Sch\u00fcler k\u00f6nnen mit einem Sozialarbeiter, der 1x w\u00f6chentlich an die Schule kommt, \u00fcber alles sprechen, was ihnen wichtig ist. Die Themenbereiche [&hellip;]","og_url":"https:\/\/ptshorn.ac.at\/wordpress\/ueber-uns\/schulsozialarbeit\/","og_site_name":"PTS Horn","article_modified_time":"2024-11-13T12:02:49+00:00","og_image":[{"url":"https:\/\/ptshorn.ac.at\/wordpress\/wp-content\/uploads\/2020\/10\/Trennlinie-300x24.png","type":"","width":"","height":""}],"twitter_card":"summary_large_image","twitter_misc":{"Gesch\u00e4tzte Lesezeit":"1\u00a0Minute"},"schema":{"@context":"https:\/\/schema.org","@graph":[{"@type":"WebPage","@id":"https:\/\/ptshorn.ac.at\/wordpress\/ueber-uns\/schulsozialarbeit\/","url":"https:\/\/ptshorn.ac.at\/wordpress\/ueber-uns\/schulsozialarbeit\/","name":"Schulsozialarbeit - PTS Horn","isPartOf":{"@id":"https:\/\/ptshorn.ac.at\/wordpress\/#website"},"primaryImageOfPage":{"@id":"https:\/\/ptshorn.ac.at\/wordpress\/ueber-uns\/schulsozialarbeit\/#primaryimage"},"image":{"@id":"https:\/\/ptshorn.ac.at\/wordpress\/ueber-uns\/schulsozialarbeit\/#primaryimage"},"thumbnailUrl":"https:\/\/ptshorn.ac.at\/wordpress\/wp-content\/uploads\/2020\/10\/Trennlinie-300x24.png","datePublished":"2024-11-13T12:01:39+00:00","dateModified":"2024-11-13T12:02:49+00:00","breadcrumb":{"@id":"https:\/\/ptshorn.ac.at\/wordpress\/ueber-uns\/schulsozialarbeit\/#breadcrumb"},"inLanguage":"de","potentialAction":[{"@type":"ReadAction","target":["https:\/\/ptshorn.ac.at\/wordpress\/ueber-uns\/schulsozialarbeit\/"]}]},{"@type":"ImageObject","inLanguage":"de","@id":"https:\/\/ptshorn.ac.at\/wordpress\/ueber-uns\/schulsozialarbeit\/#primaryimage","url":"https:\/\/ptshorn.ac.at\/wordpress\/wp-content\/uploads\/2020\/10\/Trennlinie.png","contentUrl":"https:\/\/ptshorn.ac.at\/wordpress\/wp-content\/uploads\/2020\/10\/Trennlinie.png","width":438,"height":35},{"@type":"BreadcrumbList","@id":"https:\/\/ptshorn.ac.at\/wordpress\/ueber-uns\/schulsozialarbeit\/#breadcrumb","itemListElement":[{"@type":"ListItem","position":1,"name":"Startseite","item":"https:\/\/ptshorn.ac.at\/wordpress\/"},{"@type":"ListItem","position":2,"name":"\u00dcber uns","item":"https:\/\/ptshorn.ac.at\/wordpress\/ueber-uns\/"},{"@type":"ListItem","position":3,"name":"Schulsozialarbeit"}]},{"@type":"WebSite","@id":"https:\/\/ptshorn.ac.at\/wordpress\/#website","url":"https:\/\/ptshorn.ac.at\/wordpress\/","name":"PTS Horn","description":"","potentialAction":[{"@type":"SearchAction","target":{"@type":"EntryPoint","urlTemplate":"https:\/\/ptshorn.ac.at\/wordpress\/?s={search_term_string}"},"query-input":{"@type":"PropertyValueSpecification","valueRequired":true,"valueName":"search_term_string"}}],"inLanguage":"de"}]}},"_links":{"self":[{"href":"https:\/\/ptshorn.ac.at\/wordpress\/wp-json\/wp\/v2\/pages\/9510","targetHints":{"allow":["GET"]}}],"collection":[{"href":"https:\/\/ptshorn.ac.at\/wordpress\/wp-json\/wp\/v2\/pages"}],"about":[{"href":"https:\/\/ptshorn.ac.at\/wordpress\/wp-json\/wp\/v2\/types\/page"}],"author":[{"embeddable":true,"href":"https:\/\/ptshorn.ac.at\/wordpress\/wp-json\/wp\/v2\/users\/5"}],"replies":[{"embeddable":true,"href":"https:\/\/ptshorn.ac.at\/wordpress\/wp-json\/wp\/v2\/comments?post=9510"}],"version-history":[{"count":11,"href":"https:\/\/ptshorn.ac.at\/wordpress\/wp-json\/wp\/v2\/pages\/9510\/revisions"}],"predecessor-version":[{"id":9522,"href":"https:\/\/ptshorn.ac.at\/wordpress\/wp-json\/wp\/v2\/pages\/9510\/revisions\/9522"}],"up":[{"embeddable":true,"href":"https:\/\/ptshorn.ac.at\/wordpress\/wp-json\/wp\/v2\/pages\/444"}],"wp:attachment":[{"href":"https:\/\/ptshorn.ac.at\/wordpress\/wp-json\/wp\/v2\/media?parent=9510"}],"curies":[{"name":"wp","href":"https:\/\/api.w.org\/{rel}","templated":true}]}}