{"id":9167,"date":"2024-08-29T15:56:32","date_gmt":"2024-08-29T13:56:32","guid":{"rendered":"https:\/\/ptshorn.ac.at\/wordpress\/?page_id=9167"},"modified":"2025-12-03T15:49:32","modified_gmt":"2025-12-03T14:49:32","slug":"leitbild","status":"publish","type":"page","link":"https:\/\/ptshorn.ac.at\/wordpress\/ueber-uns\/leitbild\/","title":{"rendered":"Leitbild"},"content":{"rendered":"\n<p><img decoding=\"async\" class=\"alignnone  wp-image-3439 aligncenter lazyload\" data-src=\"https:\/\/ptshorn.ac.at\/wordpress\/wp-content\/uploads\/2020\/10\/Trennlinie-300x24.png\" alt=\"\" width=\"188\" height=\"15\" data-srcset=\"https:\/\/ptshorn.ac.at\/wordpress\/wp-content\/uploads\/2020\/10\/Trennlinie-300x24.png 300w, https:\/\/ptshorn.ac.at\/wordpress\/wp-content\/uploads\/2020\/10\/Trennlinie.png 438w\" data-sizes=\"(max-width: 188px) 100vw, 188px\" src=\"data:image\/svg+xml;base64,PHN2ZyB3aWR0aD0iMSIgaGVpZ2h0PSIxIiB4bWxucz0iaHR0cDovL3d3dy53My5vcmcvMjAwMC9zdmciPjwvc3ZnPg==\" style=\"--smush-placeholder-width: 188px; --smush-placeholder-aspect-ratio: 188\/15;\" \/><\/p>\n\n\n\n<div class=\"wp-block-group\"><div class=\"wp-block-group__inner-container is-layout-flow wp-block-group-is-layout-flow\">\n<p><img decoding=\"async\" class=\"wp-image-9173 alignleft lazyload\" data-src=\"https:\/\/ptshorn.ac.at\/wordpress\/wp-content\/uploads\/2024\/08\/leitbild-grafisch-246x300.jpg\" alt=\"\" width=\"310\" height=\"378\" data-srcset=\"https:\/\/ptshorn.ac.at\/wordpress\/wp-content\/uploads\/2024\/08\/leitbild-grafisch-246x300.jpg 246w, https:\/\/ptshorn.ac.at\/wordpress\/wp-content\/uploads\/2024\/08\/leitbild-grafisch-768x937.jpg 768w, https:\/\/ptshorn.ac.at\/wordpress\/wp-content\/uploads\/2024\/08\/leitbild-grafisch.jpg 776w\" data-sizes=\"(max-width: 310px) 100vw, 310px\" src=\"data:image\/svg+xml;base64,PHN2ZyB3aWR0aD0iMSIgaGVpZ2h0PSIxIiB4bWxucz0iaHR0cDovL3d3dy53My5vcmcvMjAwMC9zdmciPjwvc3ZnPg==\" style=\"--smush-placeholder-width: 310px; --smush-placeholder-aspect-ratio: 310\/378;\" \/>Der richtige Weg zum Lehrberuf beginnt in der PTS Horn. Gemeinsam mit unseren Sch\u00fclerinnen und Sch\u00fclern haben wir ein gro\u00dfes Ziel im Schuljahr: das Finden einer Lehrstelle.<\/p>\n<p>Um dieses Ziel zu erreichen, stellen wir die Berufsfindung und die Berufsgrundbildung in den Mittelpunkt des Schuljahres. Lehrplan, p\u00e4dagogische Leitvorstellungen und die t\u00e4gliche Arbeit sind voll und ganz auf dieses Ziel abgestimmt.<\/p>\n<p>15 Berufspraktische Tage, Workshops mit Lehrbetrieben an der Schule, Unternehmensbesichtigungen und eine enge Vernetzung mit AMS, Wirtschafts- und Arbeiterkammer legen den Grundstein f\u00fcr eine erfolgreiche Berufsfindung.<\/p>\n<p>In 7 Fachbereichen \u2013 Bau, Elektro-Mechatronik, Holz, Metall, Gesundheit-Sch\u00f6nheit-Soziales, Handel-B\u00fcro, Tourismus-Umwelt-Nachhaltigkeit \u2013 vermitteln wir die Grundbildung f\u00fcr den Wunschberuf der Sch\u00fclerinnen und Sch\u00fcler. Neben der Festigung der Grundkompetenzen stehen bei uns 14 Wochenstunden im Fachbereich am Stundenplan. Bei uns steht der Koch in der K\u00fcche, die Tischlerin in der Holzwerkstatt, die Friseurin im Beautysalon und der Maurer in der Bauwerkstatt.<\/p>\n<p>Der Unterricht ist auf die Herausforderungen der Berufswelt ausgerichtet. Selbstst\u00e4ndigkeit und Eigenverantwortung stehen im Mittelpunkt der t\u00e4glichen Unterrichtsarbeit. Uns ist ein Unterricht auf Augenh\u00f6he mit gegenseitigem respektvollen Umgang wichtig.<\/p>\n<\/div><\/div>\n","protected":false},"excerpt":{"rendered":"<p>Der richtige Weg zum Lehrberuf beginnt in der PTS Horn. Gemeinsam mit unseren Sch\u00fclerinnen und Sch\u00fclern haben wir ein gro\u00dfes Ziel im Schuljahr: das Finden einer Lehrstelle. Um dieses Ziel zu erreichen, stellen wir die Berufsfindung und die Berufsgrundbildung in den Mittelpunkt des Schuljahres. Lehrplan, p\u00e4dagogische Leitvorstellungen und die t\u00e4gliche Arbeit sind voll und ganz auf [&hellip;]<\/p>\n","protected":false},"author":5,"featured_media":0,"parent":444,"menu_order":30,"comment_status":"closed","ping_status":"closed","template":"","meta":{"footnotes":""},"class_list":["post-9167","page","type-page","status-publish","hentry"],"yoast_head":"<!-- This site is optimized with the Yoast SEO plugin v26.6 - https:\/\/yoast.com\/wordpress\/plugins\/seo\/ -->\n<title>Leitbild - PTS Horn<\/title>\n<meta name=\"robots\" content=\"index, follow, max-snippet:-1, max-image-preview:large, max-video-preview:-1\" \/>\n<link rel=\"canonical\" href=\"https:\/\/ptshorn.ac.at\/wordpress\/ueber-uns\/leitbild\/\" \/>\n<meta property=\"og:locale\" content=\"de_DE\" \/>\n<meta property=\"og:type\" content=\"article\" \/>\n<meta property=\"og:title\" content=\"Leitbild - PTS Horn\" \/>\n<meta property=\"og:description\" content=\"Der richtige Weg zum Lehrberuf beginnt in der PTS Horn. Gemeinsam mit unseren Sch\u00fclerinnen und Sch\u00fclern haben wir ein gro\u00dfes Ziel im Schuljahr: das Finden einer Lehrstelle. Um dieses Ziel zu erreichen, stellen wir die Berufsfindung und die Berufsgrundbildung in den Mittelpunkt des Schuljahres. Lehrplan, p\u00e4dagogische Leitvorstellungen und die t\u00e4gliche Arbeit sind voll und ganz auf [&hellip;]\" \/>\n<meta property=\"og:url\" content=\"https:\/\/ptshorn.ac.at\/wordpress\/ueber-uns\/leitbild\/\" \/>\n<meta property=\"og:site_name\" content=\"PTS Horn\" \/>\n<meta property=\"article:modified_time\" content=\"2025-12-03T14:49:32+00:00\" \/>\n<meta property=\"og:image\" content=\"https:\/\/ptshorn.ac.at\/wordpress\/wp-content\/uploads\/2020\/10\/Trennlinie-300x24.png\" \/>\n<meta name=\"twitter:card\" content=\"summary_large_image\" \/>\n<meta name=\"twitter:label1\" content=\"Gesch\u00e4tzte Lesezeit\" \/>\n\t<meta name=\"twitter:data1\" content=\"2\u00a0Minuten\" \/>\n<script type=\"application\/ld+json\" class=\"yoast-schema-graph\">{\"@context\":\"https:\/\/schema.org\",\"@graph\":[{\"@type\":\"WebPage\",\"@id\":\"https:\/\/ptshorn.ac.at\/wordpress\/ueber-uns\/leitbild\/\",\"url\":\"https:\/\/ptshorn.ac.at\/wordpress\/ueber-uns\/leitbild\/\",\"name\":\"Leitbild - PTS Horn\",\"isPartOf\":{\"@id\":\"https:\/\/ptshorn.ac.at\/wordpress\/#website\"},\"primaryImageOfPage\":{\"@id\":\"https:\/\/ptshorn.ac.at\/wordpress\/ueber-uns\/leitbild\/#primaryimage\"},\"image\":{\"@id\":\"https:\/\/ptshorn.ac.at\/wordpress\/ueber-uns\/leitbild\/#primaryimage\"},\"thumbnailUrl\":\"https:\/\/ptshorn.ac.at\/wordpress\/wp-content\/uploads\/2020\/10\/Trennlinie-300x24.png\",\"datePublished\":\"2024-08-29T13:56:32+00:00\",\"dateModified\":\"2025-12-03T14:49:32+00:00\",\"breadcrumb\":{\"@id\":\"https:\/\/ptshorn.ac.at\/wordpress\/ueber-uns\/leitbild\/#breadcrumb\"},\"inLanguage\":\"de\",\"potentialAction\":[{\"@type\":\"ReadAction\",\"target\":[\"https:\/\/ptshorn.ac.at\/wordpress\/ueber-uns\/leitbild\/\"]}]},{\"@type\":\"ImageObject\",\"inLanguage\":\"de\",\"@id\":\"https:\/\/ptshorn.ac.at\/wordpress\/ueber-uns\/leitbild\/#primaryimage\",\"url\":\"https:\/\/ptshorn.ac.at\/wordpress\/wp-content\/uploads\/2020\/10\/Trennlinie.png\",\"contentUrl\":\"https:\/\/ptshorn.ac.at\/wordpress\/wp-content\/uploads\/2020\/10\/Trennlinie.png\",\"width\":438,\"height\":35},{\"@type\":\"BreadcrumbList\",\"@id\":\"https:\/\/ptshorn.ac.at\/wordpress\/ueber-uns\/leitbild\/#breadcrumb\",\"itemListElement\":[{\"@type\":\"ListItem\",\"position\":1,\"name\":\"Startseite\",\"item\":\"https:\/\/ptshorn.ac.at\/wordpress\/\"},{\"@type\":\"ListItem\",\"position\":2,\"name\":\"\u00dcber uns\",\"item\":\"https:\/\/ptshorn.ac.at\/wordpress\/ueber-uns\/\"},{\"@type\":\"ListItem\",\"position\":3,\"name\":\"Leitbild\"}]},{\"@type\":\"WebSite\",\"@id\":\"https:\/\/ptshorn.ac.at\/wordpress\/#website\",\"url\":\"https:\/\/ptshorn.ac.at\/wordpress\/\",\"name\":\"PTS Horn\",\"description\":\"\",\"potentialAction\":[{\"@type\":\"SearchAction\",\"target\":{\"@type\":\"EntryPoint\",\"urlTemplate\":\"https:\/\/ptshorn.ac.at\/wordpress\/?s={search_term_string}\"},\"query-input\":{\"@type\":\"PropertyValueSpecification\",\"valueRequired\":true,\"valueName\":\"search_term_string\"}}],\"inLanguage\":\"de\"}]}<\/script>\n<!-- \/ Yoast SEO plugin. -->","yoast_head_json":{"title":"Leitbild - PTS Horn","robots":{"index":"index","follow":"follow","max-snippet":"max-snippet:-1","max-image-preview":"max-image-preview:large","max-video-preview":"max-video-preview:-1"},"canonical":"https:\/\/ptshorn.ac.at\/wordpress\/ueber-uns\/leitbild\/","og_locale":"de_DE","og_type":"article","og_title":"Leitbild - PTS Horn","og_description":"Der richtige Weg zum Lehrberuf beginnt in der PTS Horn. Gemeinsam mit unseren Sch\u00fclerinnen und Sch\u00fclern haben wir ein gro\u00dfes Ziel im Schuljahr: das Finden einer Lehrstelle. Um dieses Ziel zu erreichen, stellen wir die Berufsfindung und die Berufsgrundbildung in den Mittelpunkt des Schuljahres. Lehrplan, p\u00e4dagogische Leitvorstellungen und die t\u00e4gliche Arbeit sind voll und ganz auf [&hellip;]","og_url":"https:\/\/ptshorn.ac.at\/wordpress\/ueber-uns\/leitbild\/","og_site_name":"PTS Horn","article_modified_time":"2025-12-03T14:49:32+00:00","og_image":[{"url":"https:\/\/ptshorn.ac.at\/wordpress\/wp-content\/uploads\/2020\/10\/Trennlinie-300x24.png","type":"","width":"","height":""}],"twitter_card":"summary_large_image","twitter_misc":{"Gesch\u00e4tzte Lesezeit":"2\u00a0Minuten"},"schema":{"@context":"https:\/\/schema.org","@graph":[{"@type":"WebPage","@id":"https:\/\/ptshorn.ac.at\/wordpress\/ueber-uns\/leitbild\/","url":"https:\/\/ptshorn.ac.at\/wordpress\/ueber-uns\/leitbild\/","name":"Leitbild - PTS Horn","isPartOf":{"@id":"https:\/\/ptshorn.ac.at\/wordpress\/#website"},"primaryImageOfPage":{"@id":"https:\/\/ptshorn.ac.at\/wordpress\/ueber-uns\/leitbild\/#primaryimage"},"image":{"@id":"https:\/\/ptshorn.ac.at\/wordpress\/ueber-uns\/leitbild\/#primaryimage"},"thumbnailUrl":"https:\/\/ptshorn.ac.at\/wordpress\/wp-content\/uploads\/2020\/10\/Trennlinie-300x24.png","datePublished":"2024-08-29T13:56:32+00:00","dateModified":"2025-12-03T14:49:32+00:00","breadcrumb":{"@id":"https:\/\/ptshorn.ac.at\/wordpress\/ueber-uns\/leitbild\/#breadcrumb"},"inLanguage":"de","potentialAction":[{"@type":"ReadAction","target":["https:\/\/ptshorn.ac.at\/wordpress\/ueber-uns\/leitbild\/"]}]},{"@type":"ImageObject","inLanguage":"de","@id":"https:\/\/ptshorn.ac.at\/wordpress\/ueber-uns\/leitbild\/#primaryimage","url":"https:\/\/ptshorn.ac.at\/wordpress\/wp-content\/uploads\/2020\/10\/Trennlinie.png","contentUrl":"https:\/\/ptshorn.ac.at\/wordpress\/wp-content\/uploads\/2020\/10\/Trennlinie.png","width":438,"height":35},{"@type":"BreadcrumbList","@id":"https:\/\/ptshorn.ac.at\/wordpress\/ueber-uns\/leitbild\/#breadcrumb","itemListElement":[{"@type":"ListItem","position":1,"name":"Startseite","item":"https:\/\/ptshorn.ac.at\/wordpress\/"},{"@type":"ListItem","position":2,"name":"\u00dcber uns","item":"https:\/\/ptshorn.ac.at\/wordpress\/ueber-uns\/"},{"@type":"ListItem","position":3,"name":"Leitbild"}]},{"@type":"WebSite","@id":"https:\/\/ptshorn.ac.at\/wordpress\/#website","url":"https:\/\/ptshorn.ac.at\/wordpress\/","name":"PTS Horn","description":"","potentialAction":[{"@type":"SearchAction","target":{"@type":"EntryPoint","urlTemplate":"https:\/\/ptshorn.ac.at\/wordpress\/?s={search_term_string}"},"query-input":{"@type":"PropertyValueSpecification","valueRequired":true,"valueName":"search_term_string"}}],"inLanguage":"de"}]}},"_links":{"self":[{"href":"https:\/\/ptshorn.ac.at\/wordpress\/wp-json\/wp\/v2\/pages\/9167","targetHints":{"allow":["GET"]}}],"collection":[{"href":"https:\/\/ptshorn.ac.at\/wordpress\/wp-json\/wp\/v2\/pages"}],"about":[{"href":"https:\/\/ptshorn.ac.at\/wordpress\/wp-json\/wp\/v2\/types\/page"}],"author":[{"embeddable":true,"href":"https:\/\/ptshorn.ac.at\/wordpress\/wp-json\/wp\/v2\/users\/5"}],"replies":[{"embeddable":true,"href":"https:\/\/ptshorn.ac.at\/wordpress\/wp-json\/wp\/v2\/comments?post=9167"}],"version-history":[{"count":12,"href":"https:\/\/ptshorn.ac.at\/wordpress\/wp-json\/wp\/v2\/pages\/9167\/revisions"}],"predecessor-version":[{"id":10944,"href":"https:\/\/ptshorn.ac.at\/wordpress\/wp-json\/wp\/v2\/pages\/9167\/revisions\/10944"}],"up":[{"embeddable":true,"href":"https:\/\/ptshorn.ac.at\/wordpress\/wp-json\/wp\/v2\/pages\/444"}],"wp:attachment":[{"href":"https:\/\/ptshorn.ac.at\/wordpress\/wp-json\/wp\/v2\/media?parent=9167"}],"curies":[{"name":"wp","href":"https:\/\/api.w.org\/{rel}","templated":true}]}}