{"id":9,"date":"2016-11-09T12:15:27","date_gmt":"2016-11-09T11:15:27","guid":{"rendered":"http:\/\/ptshorn.ac.at\/wordpress\/?page_id=9"},"modified":"2025-09-25T10:51:05","modified_gmt":"2025-09-25T08:51:05","slug":"fachbereiche","status":"publish","type":"page","link":"https:\/\/ptshorn.ac.at\/wordpress\/fachbereiche\/","title":{"rendered":"Fachbereiche"},"content":{"rendered":"<p style=\"text-align: center;\"><img decoding=\"async\" class=\"alignnone  wp-image-3439 lazyload\" data-src=\"https:\/\/ptshorn.ac.at\/wordpress\/wp-content\/uploads\/2020\/10\/Trennlinie.png\" alt=\"\" width=\"188\" height=\"15\" data-srcset=\"https:\/\/ptshorn.ac.at\/wordpress\/wp-content\/uploads\/2020\/10\/Trennlinie.png 438w, https:\/\/ptshorn.ac.at\/wordpress\/wp-content\/uploads\/2020\/10\/Trennlinie-300x24.png 300w\" data-sizes=\"(max-width: 188px) 100vw, 188px\" src=\"data:image\/svg+xml;base64,PHN2ZyB3aWR0aD0iMSIgaGVpZ2h0PSIxIiB4bWxucz0iaHR0cDovL3d3dy53My5vcmcvMjAwMC9zdmciPjwvc3ZnPg==\" style=\"--smush-placeholder-width: 188px; --smush-placeholder-aspect-ratio: 188\/15;\" \/><\/p>\n<p><\/p>\n\n\n<div class=\"wp-block-media-text alignwide is-stacked-on-mobile is-vertically-aligned-top\" style=\"grid-template-columns:45% auto\"><figure class=\"wp-block-media-text__media\"><img decoding=\"async\" width=\"1024\" height=\"768\" data-src=\"https:\/\/ptshorn.ac.at\/wordpress\/wp-content\/uploads\/2017\/11\/Tag-der-offenen-T\u00fcr-1024x768.jpg\" alt=\"\" class=\"wp-image-1061 size-full lazyload\" data-srcset=\"https:\/\/ptshorn.ac.at\/wordpress\/wp-content\/uploads\/2017\/11\/Tag-der-offenen-T\u00fcr.jpg 1024w, https:\/\/ptshorn.ac.at\/wordpress\/wp-content\/uploads\/2017\/11\/Tag-der-offenen-T\u00fcr-300x225.jpg 300w, https:\/\/ptshorn.ac.at\/wordpress\/wp-content\/uploads\/2017\/11\/Tag-der-offenen-T\u00fcr-768x576.jpg 768w\" data-sizes=\"(max-width: 1024px) 100vw, 1024px\" src=\"data:image\/svg+xml;base64,PHN2ZyB3aWR0aD0iMSIgaGVpZ2h0PSIxIiB4bWxucz0iaHR0cDovL3d3dy53My5vcmcvMjAwMC9zdmciPjwvc3ZnPg==\" style=\"--smush-placeholder-width: 1024px; --smush-placeholder-aspect-ratio: 1024\/768;\" \/><\/figure><div class=\"wp-block-media-text__content\">\n<p>Die Fachbereiche der PTS entsprechen den gro\u00dfen Berufsfeldern der Wirtschaft. In den    7 Fachbereichen wird eine Berufsgrundbildung im Ausma\u00df von 14 Wochenstunden angeboten: <br>Metall, Elektro-Mechatronik, Bau, Holz, Handel-B\u00fcro, Gesundheit, Sch\u00f6nheit, Soziales sowie Tourismus, Umwelt und Nachhaltigkeit.<\/p>\n\n\n\n<p><\/p>\n<\/div><\/div>\n\n\n\n<p>Je nach Berufswunsch w\u00e4hlen die Sch\u00fcler:innen einen Fachbereich. Einerseits erwerben die Jugendlichen grundlegende F\u00e4higkeiten, Fertigkeiten und Kenntnisse zugeschnitten auf ihren Berufswunsch, andererseits werden durch handlungs- und praxisorientiertes Lernen die individuellen Begabungen der Sch\u00fclerinnen und Sch\u00fcler und ihre Lernmotivation gef\u00f6rdert.<\/p>\n\n\n\n<div class=\"wp-block-group\"><div class=\"wp-block-group__inner-container is-layout-flow wp-block-group-is-layout-flow\">\n<div class=\"wp-block-columns is-layout-flex wp-container-core-columns-is-layout-9d6595d7 wp-block-columns-is-layout-flex\">\n<div class=\"wp-block-column is-layout-flow wp-block-column-is-layout-flow\">\n<div class=\"wp-block-columns is-layout-flex wp-container-core-columns-is-layout-9d6595d7 wp-block-columns-is-layout-flex\">\n<div class=\"wp-block-column is-layout-flow wp-block-column-is-layout-flow\">\n<p><a href=\"https:\/\/ptshorn.ac.at\/wordpress\/fachbereiche\/metall\/\"><img decoding=\"async\" class=\"logo wp-image-64 aligncenter lazyload\" data-src=\"https:\/\/ptshorn.ac.at\/wordpress\/wp-content\/uploads\/2016\/11\/icon_metall-300x300.jpg\" alt=\"icon_metall\" width=\"95\" height=\"95\" src=\"data:image\/svg+xml;base64,PHN2ZyB3aWR0aD0iMSIgaGVpZ2h0PSIxIiB4bWxucz0iaHR0cDovL3d3dy53My5vcmcvMjAwMC9zdmciPjwvc3ZnPg==\" style=\"--smush-placeholder-width: 95px; --smush-placeholder-aspect-ratio: 95\/95;\"><\/a><\/p>\n<\/div>\n\n\n\n<div class=\"wp-block-column is-layout-flow wp-block-column-is-layout-flow\">\n<p><a href=\"https:\/\/ptshorn.ac.at\/wordpress\/fachbereiche\/elektro\/\"><img decoding=\"async\" class=\"logo wp-image-69 aligncenter lazyload\" data-src=\"https:\/\/ptshorn.ac.at\/wordpress\/wp-content\/uploads\/2016\/11\/icon_elektro-300x300.jpg\" alt=\"icon_elektro\" width=\"95\" height=\"95\" src=\"data:image\/svg+xml;base64,PHN2ZyB3aWR0aD0iMSIgaGVpZ2h0PSIxIiB4bWxucz0iaHR0cDovL3d3dy53My5vcmcvMjAwMC9zdmciPjwvc3ZnPg==\" style=\"--smush-placeholder-width: 95px; --smush-placeholder-aspect-ratio: 95\/95;\"><\/a><\/p>\n<\/div>\n<\/div>\n\n\n\n<div class=\"wp-block-columns is-layout-flex wp-container-core-columns-is-layout-9d6595d7 wp-block-columns-is-layout-flex\">\n<div class=\"wp-block-column is-layout-flow wp-block-column-is-layout-flow\">\n<p style=\"text-align: center;\"><a href=\"https:\/\/ptshorn.ac.at\/wordpress\/fachbereiche\/metall\/\">Fachbereich Metall<\/a><\/p>\n<\/div>\n\n\n\n<div class=\"wp-block-column is-layout-flow wp-block-column-is-layout-flow\">\n<p style=\"text-align: center;\"><a href=\"https:\/\/ptshorn.ac.at\/wordpress\/fachbereiche\/elektro\/\">Fachbereich Elektro-Mechatronik<\/a><\/p>\n<p>\u00a0<\/p>\n<\/div>\n<\/div>\n\n\n<\/div>\n\n\n\n<div class=\"wp-block-column is-layout-flow wp-block-column-is-layout-flow\">\n<div class=\"wp-block-columns is-layout-flex wp-container-core-columns-is-layout-9d6595d7 wp-block-columns-is-layout-flex\">\n<div class=\"wp-block-column is-layout-flow wp-block-column-is-layout-flow\">\n<p><a href=\"https:\/\/ptshorn.ac.at\/wordpress\/fachbereiche\/bau\/\"><img decoding=\"async\" class=\"logo wp-image-73 aligncenter lazyload\" data-src=\"https:\/\/ptshorn.ac.at\/wordpress\/wp-content\/uploads\/2016\/11\/icon_bau-300x300.jpg\" alt=\"icon_bau\" width=\"95\" height=\"95\" src=\"data:image\/svg+xml;base64,PHN2ZyB3aWR0aD0iMSIgaGVpZ2h0PSIxIiB4bWxucz0iaHR0cDovL3d3dy53My5vcmcvMjAwMC9zdmciPjwvc3ZnPg==\" style=\"--smush-placeholder-width: 95px; --smush-placeholder-aspect-ratio: 95\/95;\"><\/a><\/p>\n<\/div>\n\n\n\n<div class=\"wp-block-column is-layout-flow wp-block-column-is-layout-flow\">\n<p><a href=\"https:\/\/ptshorn.ac.at\/wordpress\/fachbereiche\/holz\/\"><img decoding=\"async\" class=\"logo wp-image-76 aligncenter lazyload\" data-src=\"https:\/\/ptshorn.ac.at\/wordpress\/wp-content\/uploads\/2016\/11\/icon_holz-300x300.jpg\" alt=\"icon_holz\" width=\"95\" height=\"95\" src=\"data:image\/svg+xml;base64,PHN2ZyB3aWR0aD0iMSIgaGVpZ2h0PSIxIiB4bWxucz0iaHR0cDovL3d3dy53My5vcmcvMjAwMC9zdmciPjwvc3ZnPg==\" style=\"--smush-placeholder-width: 95px; --smush-placeholder-aspect-ratio: 95\/95;\"><\/a><\/p>\n<\/div>\n<\/div>\n\n\n\n<div class=\"wp-block-columns is-layout-flex wp-container-core-columns-is-layout-9d6595d7 wp-block-columns-is-layout-flex\">\n<div class=\"wp-block-column is-layout-flow wp-block-column-is-layout-flow\">\n<p style=\"text-align: center;\"><a href=\"https:\/\/ptshorn.ac.at\/wordpress\/fachbereiche\/bau\/\">Fachbereich<\/a><br><a href=\"https:\/\/ptshorn.ac.at\/wordpress\/fachbereiche\/bau\/\">Bau<\/a><\/p>\n<\/div>\n\n\n\n<div class=\"wp-block-column is-layout-flow wp-block-column-is-layout-flow\">\n<p style=\"text-align: center;\"><a href=\"https:\/\/ptshorn.ac.at\/wordpress\/fachbereiche\/holz\/\">Fachbereich<\/a><br><a href=\"https:\/\/ptshorn.ac.at\/wordpress\/fachbereiche\/holz\/\">Holz<\/a><\/p>\n<\/div>\n<\/div>\n<\/div>\n<\/div>\n<\/div><\/div>\n\n\n\n<div class=\"wp-block-columns is-layout-flex wp-container-core-columns-is-layout-9d6595d7 wp-block-columns-is-layout-flex\">\n<div class=\"wp-block-column is-layout-flow wp-block-column-is-layout-flow\">\n<p><a href=\"https:\/\/ptshorn.ac.at\/wordpress\/fachbereiche\/handel-buero\/\"><img decoding=\"async\" class=\"logo wp-image-78 aligncenter lazyload\" data-src=\"https:\/\/ptshorn.ac.at\/wordpress\/wp-content\/uploads\/2016\/11\/icon_handel-bu\u00a6\u00earo-300x300.jpg\" alt=\"icon_handel-bu%c2%a6ero\" width=\"95\" height=\"95\" src=\"data:image\/svg+xml;base64,PHN2ZyB3aWR0aD0iMSIgaGVpZ2h0PSIxIiB4bWxucz0iaHR0cDovL3d3dy53My5vcmcvMjAwMC9zdmciPjwvc3ZnPg==\" style=\"--smush-placeholder-width: 95px; --smush-placeholder-aspect-ratio: 95\/95;\"><\/a><\/p>\n<\/div>\n\n\n\n<div class=\"wp-block-column is-layout-flow wp-block-column-is-layout-flow\">\n<p><a href=\"https:\/\/ptshorn.ac.at\/wordpress\/fachbereiche\/dienstleistung-gesundheit-soziales\/\"><img decoding=\"async\" class=\"logo wp-image-80 aligncenter lazyload\" data-src=\"https:\/\/ptshorn.ac.at\/wordpress\/wp-content\/uploads\/2016\/11\/icon_dienstleistung-300x300.jpg\" alt=\"icon_dienstleistung\" width=\"95\" height=\"95\" src=\"data:image\/svg+xml;base64,PHN2ZyB3aWR0aD0iMSIgaGVpZ2h0PSIxIiB4bWxucz0iaHR0cDovL3d3dy53My5vcmcvMjAwMC9zdmciPjwvc3ZnPg==\" style=\"--smush-placeholder-width: 95px; --smush-placeholder-aspect-ratio: 95\/95;\"><\/a><\/p>\n<\/div>\n\n\n\n<div class=\"wp-block-column is-layout-flow wp-block-column-is-layout-flow\">\n<p><a href=\"https:\/\/ptshorn.ac.at\/wordpress\/fachbereiche\/tourismus\/\"><img decoding=\"async\" class=\"logo wp-image-82 aligncenter lazyload\" data-src=\"https:\/\/ptshorn.ac.at\/wordpress\/wp-content\/uploads\/2016\/11\/icon_tourismus-300x300.jpg\" alt=\"icon_tourismus\" width=\"95\" height=\"95\" src=\"data:image\/svg+xml;base64,PHN2ZyB3aWR0aD0iMSIgaGVpZ2h0PSIxIiB4bWxucz0iaHR0cDovL3d3dy53My5vcmcvMjAwMC9zdmciPjwvc3ZnPg==\" style=\"--smush-placeholder-width: 95px; --smush-placeholder-aspect-ratio: 95\/95;\"><\/a><\/p>\n<\/div>\n<\/div>\n\n\n\n<div class=\"wp-block-columns is-layout-flex wp-container-core-columns-is-layout-9d6595d7 wp-block-columns-is-layout-flex\">\n<div class=\"wp-block-column is-layout-flow wp-block-column-is-layout-flow\">\n<p style=\"text-align: center;\"><a href=\"https:\/\/ptshorn.ac.at\/wordpress\/fachbereiche\/handel-buero\/\">Fachbereich Handel-B\u00fcro<\/a><\/p>\n<\/div>\n\n\n\n<div class=\"wp-block-column is-layout-flow wp-block-column-is-layout-flow\">\n<p style=\"text-align: center;\"><a href=\"https:\/\/ptshorn.ac.at\/wordpress\/fachbereiche\/dienstleistung-gesundheit-soziales\/\">Fachbereich Gesundheit, Sch\u00f6nheit und Soziales<\/a><\/p>\n<\/div>\n\n\n\n<div class=\"wp-block-column is-layout-flow wp-block-column-is-layout-flow\">\n<p style=\"text-align: center;\"><a href=\"https:\/\/ptshorn.ac.at\/wordpress\/fachbereiche\/tourismus\/\">Fachbereich Tourismus, Umwelt und Nachhaltigkeit<\/a><\/p>\n<\/div>\n<\/div>\n\n\n","protected":false},"excerpt":{"rendered":"<p>Die Fachbereiche der PTS entsprechen den gro\u00dfen Berufsfeldern der Wirtschaft. In den 7 Fachbereichen wird eine Berufsgrundbildung im Ausma\u00df von 14 Wochenstunden angeboten: Metall, Elektro-Mechatronik, Bau, Holz, Handel-B\u00fcro, Gesundheit, Sch\u00f6nheit, Soziales sowie Tourismus, Umwelt und Nachhaltigkeit. Je nach Berufswunsch w\u00e4hlen die Sch\u00fcler:innen einen Fachbereich. Einerseits erwerben die Jugendlichen grundlegende F\u00e4higkeiten, Fertigkeiten und Kenntnisse zugeschnitten auf ihren [&hellip;]<\/p>\n","protected":false},"author":2,"featured_media":0,"parent":0,"menu_order":20,"comment_status":"closed","ping_status":"closed","template":"","meta":{"footnotes":""},"class_list":["post-9","page","type-page","status-publish","hentry"],"yoast_head":"<!-- This site is optimized with the Yoast SEO plugin v26.6 - https:\/\/yoast.com\/wordpress\/plugins\/seo\/ -->\n<title>Fachbereiche - PTS Horn<\/title>\n<meta name=\"robots\" content=\"index, follow, max-snippet:-1, max-image-preview:large, max-video-preview:-1\" \/>\n<link rel=\"canonical\" href=\"https:\/\/ptshorn.ac.at\/wordpress\/fachbereiche\/\" \/>\n<meta property=\"og:locale\" content=\"de_DE\" \/>\n<meta property=\"og:type\" content=\"article\" \/>\n<meta property=\"og:title\" content=\"Fachbereiche - PTS Horn\" \/>\n<meta property=\"og:description\" content=\"Die Fachbereiche der PTS entsprechen den gro\u00dfen Berufsfeldern der Wirtschaft. In den 7 Fachbereichen wird eine Berufsgrundbildung im Ausma\u00df von 14 Wochenstunden angeboten: Metall, Elektro-Mechatronik, Bau, Holz, Handel-B\u00fcro, Gesundheit, Sch\u00f6nheit, Soziales sowie Tourismus, Umwelt und Nachhaltigkeit. Je nach Berufswunsch w\u00e4hlen die Sch\u00fcler:innen einen Fachbereich. Einerseits erwerben die Jugendlichen grundlegende F\u00e4higkeiten, Fertigkeiten und Kenntnisse zugeschnitten auf ihren [&hellip;]\" \/>\n<meta property=\"og:url\" content=\"https:\/\/ptshorn.ac.at\/wordpress\/fachbereiche\/\" \/>\n<meta property=\"og:site_name\" content=\"PTS Horn\" \/>\n<meta property=\"article:modified_time\" content=\"2025-09-25T08:51:05+00:00\" \/>\n<meta property=\"og:image\" content=\"https:\/\/ptshorn.ac.at\/wordpress\/wp-content\/uploads\/2020\/10\/Trennlinie.png\" \/>\n<meta name=\"twitter:card\" content=\"summary_large_image\" \/>\n<meta name=\"twitter:label1\" content=\"Gesch\u00e4tzte Lesezeit\" \/>\n\t<meta name=\"twitter:data1\" content=\"3\u00a0Minuten\" \/>\n<script type=\"application\/ld+json\" class=\"yoast-schema-graph\">{\"@context\":\"https:\/\/schema.org\",\"@graph\":[{\"@type\":\"WebPage\",\"@id\":\"https:\/\/ptshorn.ac.at\/wordpress\/fachbereiche\/\",\"url\":\"https:\/\/ptshorn.ac.at\/wordpress\/fachbereiche\/\",\"name\":\"Fachbereiche - PTS Horn\",\"isPartOf\":{\"@id\":\"https:\/\/ptshorn.ac.at\/wordpress\/#website\"},\"primaryImageOfPage\":{\"@id\":\"https:\/\/ptshorn.ac.at\/wordpress\/fachbereiche\/#primaryimage\"},\"image\":{\"@id\":\"https:\/\/ptshorn.ac.at\/wordpress\/fachbereiche\/#primaryimage\"},\"thumbnailUrl\":\"https:\/\/ptshorn.ac.at\/wordpress\/wp-content\/uploads\/2020\/10\/Trennlinie.png\",\"datePublished\":\"2016-11-09T11:15:27+00:00\",\"dateModified\":\"2025-09-25T08:51:05+00:00\",\"breadcrumb\":{\"@id\":\"https:\/\/ptshorn.ac.at\/wordpress\/fachbereiche\/#breadcrumb\"},\"inLanguage\":\"de\",\"potentialAction\":[{\"@type\":\"ReadAction\",\"target\":[\"https:\/\/ptshorn.ac.at\/wordpress\/fachbereiche\/\"]}]},{\"@type\":\"ImageObject\",\"inLanguage\":\"de\",\"@id\":\"https:\/\/ptshorn.ac.at\/wordpress\/fachbereiche\/#primaryimage\",\"url\":\"https:\/\/ptshorn.ac.at\/wordpress\/wp-content\/uploads\/2020\/10\/Trennlinie.png\",\"contentUrl\":\"https:\/\/ptshorn.ac.at\/wordpress\/wp-content\/uploads\/2020\/10\/Trennlinie.png\",\"width\":438,\"height\":35},{\"@type\":\"BreadcrumbList\",\"@id\":\"https:\/\/ptshorn.ac.at\/wordpress\/fachbereiche\/#breadcrumb\",\"itemListElement\":[{\"@type\":\"ListItem\",\"position\":1,\"name\":\"Startseite\",\"item\":\"https:\/\/ptshorn.ac.at\/wordpress\/\"},{\"@type\":\"ListItem\",\"position\":2,\"name\":\"Fachbereiche\"}]},{\"@type\":\"WebSite\",\"@id\":\"https:\/\/ptshorn.ac.at\/wordpress\/#website\",\"url\":\"https:\/\/ptshorn.ac.at\/wordpress\/\",\"name\":\"PTS Horn\",\"description\":\"\",\"potentialAction\":[{\"@type\":\"SearchAction\",\"target\":{\"@type\":\"EntryPoint\",\"urlTemplate\":\"https:\/\/ptshorn.ac.at\/wordpress\/?s={search_term_string}\"},\"query-input\":{\"@type\":\"PropertyValueSpecification\",\"valueRequired\":true,\"valueName\":\"search_term_string\"}}],\"inLanguage\":\"de\"}]}<\/script>\n<!-- \/ Yoast SEO plugin. -->","yoast_head_json":{"title":"Fachbereiche - PTS Horn","robots":{"index":"index","follow":"follow","max-snippet":"max-snippet:-1","max-image-preview":"max-image-preview:large","max-video-preview":"max-video-preview:-1"},"canonical":"https:\/\/ptshorn.ac.at\/wordpress\/fachbereiche\/","og_locale":"de_DE","og_type":"article","og_title":"Fachbereiche - PTS Horn","og_description":"Die Fachbereiche der PTS entsprechen den gro\u00dfen Berufsfeldern der Wirtschaft. In den 7 Fachbereichen wird eine Berufsgrundbildung im Ausma\u00df von 14 Wochenstunden angeboten: Metall, Elektro-Mechatronik, Bau, Holz, Handel-B\u00fcro, Gesundheit, Sch\u00f6nheit, Soziales sowie Tourismus, Umwelt und Nachhaltigkeit. Je nach Berufswunsch w\u00e4hlen die Sch\u00fcler:innen einen Fachbereich. Einerseits erwerben die Jugendlichen grundlegende F\u00e4higkeiten, Fertigkeiten und Kenntnisse zugeschnitten auf ihren [&hellip;]","og_url":"https:\/\/ptshorn.ac.at\/wordpress\/fachbereiche\/","og_site_name":"PTS Horn","article_modified_time":"2025-09-25T08:51:05+00:00","og_image":[{"url":"https:\/\/ptshorn.ac.at\/wordpress\/wp-content\/uploads\/2020\/10\/Trennlinie.png","type":"","width":"","height":""}],"twitter_card":"summary_large_image","twitter_misc":{"Gesch\u00e4tzte Lesezeit":"3\u00a0Minuten"},"schema":{"@context":"https:\/\/schema.org","@graph":[{"@type":"WebPage","@id":"https:\/\/ptshorn.ac.at\/wordpress\/fachbereiche\/","url":"https:\/\/ptshorn.ac.at\/wordpress\/fachbereiche\/","name":"Fachbereiche - PTS Horn","isPartOf":{"@id":"https:\/\/ptshorn.ac.at\/wordpress\/#website"},"primaryImageOfPage":{"@id":"https:\/\/ptshorn.ac.at\/wordpress\/fachbereiche\/#primaryimage"},"image":{"@id":"https:\/\/ptshorn.ac.at\/wordpress\/fachbereiche\/#primaryimage"},"thumbnailUrl":"https:\/\/ptshorn.ac.at\/wordpress\/wp-content\/uploads\/2020\/10\/Trennlinie.png","datePublished":"2016-11-09T11:15:27+00:00","dateModified":"2025-09-25T08:51:05+00:00","breadcrumb":{"@id":"https:\/\/ptshorn.ac.at\/wordpress\/fachbereiche\/#breadcrumb"},"inLanguage":"de","potentialAction":[{"@type":"ReadAction","target":["https:\/\/ptshorn.ac.at\/wordpress\/fachbereiche\/"]}]},{"@type":"ImageObject","inLanguage":"de","@id":"https:\/\/ptshorn.ac.at\/wordpress\/fachbereiche\/#primaryimage","url":"https:\/\/ptshorn.ac.at\/wordpress\/wp-content\/uploads\/2020\/10\/Trennlinie.png","contentUrl":"https:\/\/ptshorn.ac.at\/wordpress\/wp-content\/uploads\/2020\/10\/Trennlinie.png","width":438,"height":35},{"@type":"BreadcrumbList","@id":"https:\/\/ptshorn.ac.at\/wordpress\/fachbereiche\/#breadcrumb","itemListElement":[{"@type":"ListItem","position":1,"name":"Startseite","item":"https:\/\/ptshorn.ac.at\/wordpress\/"},{"@type":"ListItem","position":2,"name":"Fachbereiche"}]},{"@type":"WebSite","@id":"https:\/\/ptshorn.ac.at\/wordpress\/#website","url":"https:\/\/ptshorn.ac.at\/wordpress\/","name":"PTS Horn","description":"","potentialAction":[{"@type":"SearchAction","target":{"@type":"EntryPoint","urlTemplate":"https:\/\/ptshorn.ac.at\/wordpress\/?s={search_term_string}"},"query-input":{"@type":"PropertyValueSpecification","valueRequired":true,"valueName":"search_term_string"}}],"inLanguage":"de"}]}},"_links":{"self":[{"href":"https:\/\/ptshorn.ac.at\/wordpress\/wp-json\/wp\/v2\/pages\/9","targetHints":{"allow":["GET"]}}],"collection":[{"href":"https:\/\/ptshorn.ac.at\/wordpress\/wp-json\/wp\/v2\/pages"}],"about":[{"href":"https:\/\/ptshorn.ac.at\/wordpress\/wp-json\/wp\/v2\/types\/page"}],"author":[{"embeddable":true,"href":"https:\/\/ptshorn.ac.at\/wordpress\/wp-json\/wp\/v2\/users\/2"}],"replies":[{"embeddable":true,"href":"https:\/\/ptshorn.ac.at\/wordpress\/wp-json\/wp\/v2\/comments?post=9"}],"version-history":[{"count":27,"href":"https:\/\/ptshorn.ac.at\/wordpress\/wp-json\/wp\/v2\/pages\/9\/revisions"}],"predecessor-version":[{"id":10583,"href":"https:\/\/ptshorn.ac.at\/wordpress\/wp-json\/wp\/v2\/pages\/9\/revisions\/10583"}],"wp:attachment":[{"href":"https:\/\/ptshorn.ac.at\/wordpress\/wp-json\/wp\/v2\/media?parent=9"}],"curies":[{"name":"wp","href":"https:\/\/api.w.org\/{rel}","templated":true}]}}