{"id":58,"date":"2016-11-26T11:40:19","date_gmt":"2016-11-26T10:40:19","guid":{"rendered":"http:\/\/ptshorn.ac.at\/wordpress\/?page_id=58"},"modified":"2025-05-20T10:42:36","modified_gmt":"2025-05-20T08:42:36","slug":"handel-buero","status":"publish","type":"page","link":"https:\/\/ptshorn.ac.at\/wordpress\/fachbereiche\/handel-buero\/","title":{"rendered":"Fachbereich Handel\/B\u00fcro"},"content":{"rendered":"<p><img decoding=\"async\" class=\"logo aligncenter wp-image-3439 lazyload\" data-src=\"https:\/\/ptshorn.ac.at\/wordpress\/wp-content\/uploads\/2020\/10\/Trennlinie.png\" alt=\"\" width=\"188\" height=\"15\" data-srcset=\"https:\/\/ptshorn.ac.at\/wordpress\/wp-content\/uploads\/2020\/10\/Trennlinie.png 438w, https:\/\/ptshorn.ac.at\/wordpress\/wp-content\/uploads\/2020\/10\/Trennlinie-300x24.png 300w\" data-sizes=\"(max-width: 188px) 100vw, 188px\" src=\"data:image\/svg+xml;base64,PHN2ZyB3aWR0aD0iMSIgaGVpZ2h0PSIxIiB4bWxucz0iaHR0cDovL3d3dy53My5vcmcvMjAwMC9zdmciPjwvc3ZnPg==\" style=\"--smush-placeholder-width: 188px; --smush-placeholder-aspect-ratio: 188\/15;\" \/><\/p>\n<p><img decoding=\"async\" class=\"logo alignleft wp-image-78 lazyload\" data-src=\"https:\/\/ptshorn.ac.at\/wordpress\/wp-content\/uploads\/2016\/11\/icon_handel-bu\u00a6\u00earo-300x300.jpg\" alt=\"icon_handel-bu%c2%a6ero\" width=\"145\" height=\"145\" src=\"data:image\/svg+xml;base64,PHN2ZyB3aWR0aD0iMSIgaGVpZ2h0PSIxIiB4bWxucz0iaHR0cDovL3d3dy53My5vcmcvMjAwMC9zdmciPjwvc3ZnPg==\" style=\"--smush-placeholder-width: 145px; --smush-placeholder-aspect-ratio: 145\/145;\"><\/p>\n<p>Kaufm\u00e4nnisches Denken und Unternehmergeist sind wesentliche Grundlagen f\u00fcr viele moderne Berufe.<\/p>\n<p>Im Fachbereich Handel\/B\u00fcro werden das praxisbezogene Verkaufsgespr\u00e4ch und grundlegende B\u00fcroorganisation erlernt. Schwerpunkte sind auch kaufm\u00e4nnisches Rechnen, Schriftverkehr sowie Kommunikation und Produktpr\u00e4sentationen.<\/p>\n\n\n<div id='gallery-1' class='gallery galleryid-58 gallery-columns-3 gallery-size-thumbnail'><figure class='gallery-item'>\n\t\t\t<div class='gallery-icon landscape'>\n\t\t\t\t<a href='https:\/\/ptshorn.ac.at\/wordpress\/fachbereiche\/handel-buero\/uebungsbuero1\/'><img decoding=\"async\" width=\"150\" height=\"150\" data-src=\"https:\/\/ptshorn.ac.at\/wordpress\/wp-content\/uploads\/2020\/10\/\u00fcbungsb\u00fcro1-150x150.jpg\" class=\"attachment-thumbnail size-thumbnail lazyload\" alt=\"\" data-srcset=\"https:\/\/ptshorn.ac.at\/wordpress\/wp-content\/uploads\/2020\/10\/\u00fcbungsb\u00fcro1-150x150.jpg 150w, https:\/\/ptshorn.ac.at\/wordpress\/wp-content\/uploads\/2020\/10\/\u00fcbungsb\u00fcro1-200x200.jpg 200w, https:\/\/ptshorn.ac.at\/wordpress\/wp-content\/uploads\/2020\/10\/\u00fcbungsb\u00fcro1-100x100.jpg 100w\" data-sizes=\"(max-width: 150px) 100vw, 150px\" src=\"data:image\/svg+xml;base64,PHN2ZyB3aWR0aD0iMSIgaGVpZ2h0PSIxIiB4bWxucz0iaHR0cDovL3d3dy53My5vcmcvMjAwMC9zdmciPjwvc3ZnPg==\" style=\"--smush-placeholder-width: 150px; --smush-placeholder-aspect-ratio: 150\/150;\" \/><\/a>\n\t\t\t<\/div><\/figure><figure class='gallery-item'>\n\t\t\t<div class='gallery-icon portrait'>\n\t\t\t\t<a href='https:\/\/ptshorn.ac.at\/wordpress\/fachbereiche\/handel-buero\/handelcollage-2\/'><img decoding=\"async\" width=\"150\" height=\"150\" data-src=\"https:\/\/ptshorn.ac.at\/wordpress\/wp-content\/uploads\/2020\/10\/handelcollage-1-150x150.jpg\" class=\"attachment-thumbnail size-thumbnail lazyload\" alt=\"\" data-srcset=\"https:\/\/ptshorn.ac.at\/wordpress\/wp-content\/uploads\/2020\/10\/handelcollage-1-150x150.jpg 150w, https:\/\/ptshorn.ac.at\/wordpress\/wp-content\/uploads\/2020\/10\/handelcollage-1-200x200.jpg 200w, https:\/\/ptshorn.ac.at\/wordpress\/wp-content\/uploads\/2020\/10\/handelcollage-1-100x100.jpg 100w\" data-sizes=\"(max-width: 150px) 100vw, 150px\" src=\"data:image\/svg+xml;base64,PHN2ZyB3aWR0aD0iMSIgaGVpZ2h0PSIxIiB4bWxucz0iaHR0cDovL3d3dy53My5vcmcvMjAwMC9zdmciPjwvc3ZnPg==\" style=\"--smush-placeholder-width: 150px; --smush-placeholder-aspect-ratio: 150\/150;\" \/><\/a>\n\t\t\t<\/div><\/figure><figure class='gallery-item'>\n\t\t\t<div class='gallery-icon landscape'>\n\t\t\t\t<a href='https:\/\/ptshorn.ac.at\/wordpress\/fachbereiche\/handel-buero\/handelflyer\/'><img decoding=\"async\" width=\"150\" height=\"150\" data-src=\"https:\/\/ptshorn.ac.at\/wordpress\/wp-content\/uploads\/2020\/10\/handelflyer-150x150.jpg\" class=\"attachment-thumbnail size-thumbnail lazyload\" alt=\"\" data-srcset=\"https:\/\/ptshorn.ac.at\/wordpress\/wp-content\/uploads\/2020\/10\/handelflyer-150x150.jpg 150w, https:\/\/ptshorn.ac.at\/wordpress\/wp-content\/uploads\/2020\/10\/handelflyer-200x200.jpg 200w, https:\/\/ptshorn.ac.at\/wordpress\/wp-content\/uploads\/2020\/10\/handelflyer-100x100.jpg 100w\" data-sizes=\"(max-width: 150px) 100vw, 150px\" src=\"data:image\/svg+xml;base64,PHN2ZyB3aWR0aD0iMSIgaGVpZ2h0PSIxIiB4bWxucz0iaHR0cDovL3d3dy53My5vcmcvMjAwMC9zdmciPjwvc3ZnPg==\" style=\"--smush-placeholder-width: 150px; --smush-placeholder-aspect-ratio: 150\/150;\" \/><\/a>\n\t\t\t<\/div><\/figure><figure class='gallery-item'>\n\t\t\t<div class='gallery-icon landscape'>\n\t\t\t\t<a href='https:\/\/ptshorn.ac.at\/wordpress\/fachbereiche\/handel-buero\/handelfingertast-1\/'><img decoding=\"async\" width=\"150\" height=\"150\" data-src=\"https:\/\/ptshorn.ac.at\/wordpress\/wp-content\/uploads\/2020\/10\/handelfingertast-1-150x150.jpg\" class=\"attachment-thumbnail size-thumbnail lazyload\" alt=\"\" data-srcset=\"https:\/\/ptshorn.ac.at\/wordpress\/wp-content\/uploads\/2020\/10\/handelfingertast-1-150x150.jpg 150w, https:\/\/ptshorn.ac.at\/wordpress\/wp-content\/uploads\/2020\/10\/handelfingertast-1-200x200.jpg 200w, https:\/\/ptshorn.ac.at\/wordpress\/wp-content\/uploads\/2020\/10\/handelfingertast-1-100x100.jpg 100w\" data-sizes=\"(max-width: 150px) 100vw, 150px\" src=\"data:image\/svg+xml;base64,PHN2ZyB3aWR0aD0iMSIgaGVpZ2h0PSIxIiB4bWxucz0iaHR0cDovL3d3dy53My5vcmcvMjAwMC9zdmciPjwvc3ZnPg==\" style=\"--smush-placeholder-width: 150px; --smush-placeholder-aspect-ratio: 150\/150;\" \/><\/a>\n\t\t\t<\/div><\/figure><figure class='gallery-item'>\n\t\t\t<div class='gallery-icon landscape'>\n\t\t\t\t<a href='https:\/\/ptshorn.ac.at\/wordpress\/img_4644\/'><img decoding=\"async\" width=\"150\" height=\"150\" data-src=\"https:\/\/ptshorn.ac.at\/wordpress\/wp-content\/uploads\/2023\/01\/IMG_4644-150x150.jpg\" class=\"attachment-thumbnail size-thumbnail lazyload\" alt=\"\" data-srcset=\"https:\/\/ptshorn.ac.at\/wordpress\/wp-content\/uploads\/2023\/01\/IMG_4644-150x150.jpg 150w, https:\/\/ptshorn.ac.at\/wordpress\/wp-content\/uploads\/2023\/01\/IMG_4644-200x200.jpg 200w, https:\/\/ptshorn.ac.at\/wordpress\/wp-content\/uploads\/2023\/01\/IMG_4644-100x100.jpg 100w\" data-sizes=\"(max-width: 150px) 100vw, 150px\" src=\"data:image\/svg+xml;base64,PHN2ZyB3aWR0aD0iMSIgaGVpZ2h0PSIxIiB4bWxucz0iaHR0cDovL3d3dy53My5vcmcvMjAwMC9zdmciPjwvc3ZnPg==\" style=\"--smush-placeholder-width: 150px; --smush-placeholder-aspect-ratio: 150\/150;\" \/><\/a>\n\t\t\t<\/div><\/figure><figure class='gallery-item'>\n\t\t\t<div class='gallery-icon landscape'>\n\t\t\t\t<a href='https:\/\/ptshorn.ac.at\/wordpress\/img_4646\/'><img decoding=\"async\" width=\"150\" height=\"150\" data-src=\"https:\/\/ptshorn.ac.at\/wordpress\/wp-content\/uploads\/2023\/01\/IMG_4646-150x150.jpg\" class=\"attachment-thumbnail size-thumbnail lazyload\" alt=\"\" data-srcset=\"https:\/\/ptshorn.ac.at\/wordpress\/wp-content\/uploads\/2023\/01\/IMG_4646-150x150.jpg 150w, https:\/\/ptshorn.ac.at\/wordpress\/wp-content\/uploads\/2023\/01\/IMG_4646-200x200.jpg 200w, https:\/\/ptshorn.ac.at\/wordpress\/wp-content\/uploads\/2023\/01\/IMG_4646-100x100.jpg 100w\" data-sizes=\"(max-width: 150px) 100vw, 150px\" src=\"data:image\/svg+xml;base64,PHN2ZyB3aWR0aD0iMSIgaGVpZ2h0PSIxIiB4bWxucz0iaHR0cDovL3d3dy53My5vcmcvMjAwMC9zdmciPjwvc3ZnPg==\" style=\"--smush-placeholder-width: 150px; --smush-placeholder-aspect-ratio: 150\/150;\" \/><\/a>\n\t\t\t<\/div><\/figure>\n\t\t<\/div>\n\n\n\n\n<h4 style=\"text-align: center;\"><span style=\"color: #99cc00;\"><br \/><a style=\"color: #99cc00;\" href=\"https:\/\/ptshorn.ac.at\/wordpress\/fachbereiche\/handel-buero\/fotos\/\">Weitere Fotos<\/a><\/span><\/h4>\n<p>\u00a0<\/p>\n<p>\u00a0<\/p>\n\n<table id=\"tablepress-6\" class=\"tablepress tablepress-id-6 fixed\">\n<thead>\n<tr class=\"row-1\">\n\t<th class=\"column-1\">Gegenstand<\/th><th class=\"column-2\">Wochenstunden<\/th>\n<\/tr>\n<\/thead>\n<tbody>\n<tr class=\"row-2\">\n\t<td class=\"column-1\">Digitale Grundbildung<\/td><td class=\"column-2\">3<\/td>\n<\/tr>\n<tr class=\"row-3\">\n\t<td class=\"column-1\">Betriebswirtschaftliche Grundlagen<\/td><td class=\"column-2\">2<\/td>\n<\/tr>\n<tr class=\"row-4\">\n\t<td class=\"column-1\">Buchf\u00fchrung und Wirtschaftsrechnen                    <\/td><td class=\"column-2\">4<\/td>\n<\/tr>\n<tr class=\"row-5\">\n\t<td class=\"column-1\">Fachkunde Handel\/B\u00fcro<\/td><td class=\"column-2\">1<\/td>\n<\/tr>\n<tr class=\"row-6\">\n\t<td class=\"column-1\">Fachpraxis Handel\/B\u00fcro<\/td><td class=\"column-2\">4<\/td>\n<\/tr>\n<\/tbody>\n<tfoot>\n<tr class=\"row-7\">\n\t<th class=\"column-1\">Gesamt<\/th><th class=\"column-2\">14<\/th>\n<\/tr>\n<\/tfoot>\n<\/table>\n<!-- #tablepress-6 from cache -->\n<p>\u00a0<\/p>\n","protected":false},"excerpt":{"rendered":"<p>Kaufm\u00e4nnisches Denken und Unternehmergeist sind wesentliche Grundlagen f\u00fcr viele moderne Berufe. Im Fachbereich Handel\/B\u00fcro werden das praxisbezogene Verkaufsgespr\u00e4ch und grundlegende B\u00fcroorganisation erlernt. Schwerpunkte sind auch kaufm\u00e4nnisches Rechnen, Schriftverkehr sowie Kommunikation und Produktpr\u00e4sentationen. Weitere Fotos \u00a0 \u00a0 \u00a0<\/p>\n","protected":false},"author":2,"featured_media":0,"parent":9,"menu_order":40,"comment_status":"closed","ping_status":"closed","template":"","meta":{"footnotes":""},"class_list":["post-58","page","type-page","status-publish","hentry"],"yoast_head":"<!-- This site is optimized with the Yoast SEO plugin v26.6 - https:\/\/yoast.com\/wordpress\/plugins\/seo\/ -->\n<title>Fachbereich Handel\/B\u00fcro - PTS Horn<\/title>\n<meta name=\"robots\" content=\"index, follow, max-snippet:-1, max-image-preview:large, max-video-preview:-1\" \/>\n<link rel=\"canonical\" href=\"https:\/\/ptshorn.ac.at\/wordpress\/fachbereiche\/handel-buero\/\" \/>\n<meta property=\"og:locale\" content=\"de_DE\" \/>\n<meta property=\"og:type\" content=\"article\" \/>\n<meta property=\"og:title\" content=\"Fachbereich Handel\/B\u00fcro - PTS Horn\" \/>\n<meta property=\"og:description\" content=\"Kaufm\u00e4nnisches Denken und Unternehmergeist sind wesentliche Grundlagen f\u00fcr viele moderne Berufe. Im Fachbereich Handel\/B\u00fcro werden das praxisbezogene Verkaufsgespr\u00e4ch und grundlegende B\u00fcroorganisation erlernt. Schwerpunkte sind auch kaufm\u00e4nnisches Rechnen, Schriftverkehr sowie Kommunikation und Produktpr\u00e4sentationen. Weitere Fotos \u00a0 \u00a0 \u00a0\" \/>\n<meta property=\"og:url\" content=\"https:\/\/ptshorn.ac.at\/wordpress\/fachbereiche\/handel-buero\/\" \/>\n<meta property=\"og:site_name\" content=\"PTS Horn\" \/>\n<meta property=\"article:modified_time\" content=\"2025-05-20T08:42:36+00:00\" \/>\n<meta property=\"og:image\" content=\"https:\/\/ptshorn.ac.at\/wordpress\/wp-content\/uploads\/2020\/10\/\u00fcbungsb\u00fcro1.jpg\" \/>\n<meta name=\"twitter:card\" content=\"summary_large_image\" \/>\n<meta name=\"twitter:label1\" content=\"Gesch\u00e4tzte Lesezeit\" \/>\n\t<meta name=\"twitter:data1\" content=\"1\u00a0Minute\" \/>\n<script type=\"application\/ld+json\" class=\"yoast-schema-graph\">{\"@context\":\"https:\/\/schema.org\",\"@graph\":[{\"@type\":\"WebPage\",\"@id\":\"https:\/\/ptshorn.ac.at\/wordpress\/fachbereiche\/handel-buero\/\",\"url\":\"https:\/\/ptshorn.ac.at\/wordpress\/fachbereiche\/handel-buero\/\",\"name\":\"Fachbereich Handel\/B\u00fcro - PTS Horn\",\"isPartOf\":{\"@id\":\"https:\/\/ptshorn.ac.at\/wordpress\/#website\"},\"primaryImageOfPage\":{\"@id\":\"https:\/\/ptshorn.ac.at\/wordpress\/fachbereiche\/handel-buero\/#primaryimage\"},\"image\":{\"@id\":\"https:\/\/ptshorn.ac.at\/wordpress\/fachbereiche\/handel-buero\/#primaryimage\"},\"thumbnailUrl\":\"https:\/\/ptshorn.ac.at\/wordpress\/wp-content\/uploads\/2020\/10\/Trennlinie.png\",\"datePublished\":\"2016-11-26T10:40:19+00:00\",\"dateModified\":\"2025-05-20T08:42:36+00:00\",\"breadcrumb\":{\"@id\":\"https:\/\/ptshorn.ac.at\/wordpress\/fachbereiche\/handel-buero\/#breadcrumb\"},\"inLanguage\":\"de\",\"potentialAction\":[{\"@type\":\"ReadAction\",\"target\":[\"https:\/\/ptshorn.ac.at\/wordpress\/fachbereiche\/handel-buero\/\"]}]},{\"@type\":\"ImageObject\",\"inLanguage\":\"de\",\"@id\":\"https:\/\/ptshorn.ac.at\/wordpress\/fachbereiche\/handel-buero\/#primaryimage\",\"url\":\"https:\/\/ptshorn.ac.at\/wordpress\/wp-content\/uploads\/2020\/10\/Trennlinie.png\",\"contentUrl\":\"https:\/\/ptshorn.ac.at\/wordpress\/wp-content\/uploads\/2020\/10\/Trennlinie.png\",\"width\":438,\"height\":35},{\"@type\":\"BreadcrumbList\",\"@id\":\"https:\/\/ptshorn.ac.at\/wordpress\/fachbereiche\/handel-buero\/#breadcrumb\",\"itemListElement\":[{\"@type\":\"ListItem\",\"position\":1,\"name\":\"Startseite\",\"item\":\"https:\/\/ptshorn.ac.at\/wordpress\/\"},{\"@type\":\"ListItem\",\"position\":2,\"name\":\"Fachbereiche\",\"item\":\"https:\/\/ptshorn.ac.at\/wordpress\/fachbereiche\/\"},{\"@type\":\"ListItem\",\"position\":3,\"name\":\"Fachbereich Handel\/B\u00fcro\"}]},{\"@type\":\"WebSite\",\"@id\":\"https:\/\/ptshorn.ac.at\/wordpress\/#website\",\"url\":\"https:\/\/ptshorn.ac.at\/wordpress\/\",\"name\":\"PTS Horn\",\"description\":\"\",\"potentialAction\":[{\"@type\":\"SearchAction\",\"target\":{\"@type\":\"EntryPoint\",\"urlTemplate\":\"https:\/\/ptshorn.ac.at\/wordpress\/?s={search_term_string}\"},\"query-input\":{\"@type\":\"PropertyValueSpecification\",\"valueRequired\":true,\"valueName\":\"search_term_string\"}}],\"inLanguage\":\"de\"}]}<\/script>\n<!-- \/ Yoast SEO plugin. -->","yoast_head_json":{"title":"Fachbereich Handel\/B\u00fcro - PTS Horn","robots":{"index":"index","follow":"follow","max-snippet":"max-snippet:-1","max-image-preview":"max-image-preview:large","max-video-preview":"max-video-preview:-1"},"canonical":"https:\/\/ptshorn.ac.at\/wordpress\/fachbereiche\/handel-buero\/","og_locale":"de_DE","og_type":"article","og_title":"Fachbereich Handel\/B\u00fcro - PTS Horn","og_description":"Kaufm\u00e4nnisches Denken und Unternehmergeist sind wesentliche Grundlagen f\u00fcr viele moderne Berufe. Im Fachbereich Handel\/B\u00fcro werden das praxisbezogene Verkaufsgespr\u00e4ch und grundlegende B\u00fcroorganisation erlernt. Schwerpunkte sind auch kaufm\u00e4nnisches Rechnen, Schriftverkehr sowie Kommunikation und Produktpr\u00e4sentationen. Weitere Fotos \u00a0 \u00a0 \u00a0","og_url":"https:\/\/ptshorn.ac.at\/wordpress\/fachbereiche\/handel-buero\/","og_site_name":"PTS Horn","article_modified_time":"2025-05-20T08:42:36+00:00","og_image":[{"url":"https:\/\/ptshorn.ac.at\/wordpress\/wp-content\/uploads\/2020\/10\/\u00fcbungsb\u00fcro1.jpg","type":"","width":"","height":""}],"twitter_card":"summary_large_image","twitter_misc":{"Gesch\u00e4tzte Lesezeit":"1\u00a0Minute"},"schema":{"@context":"https:\/\/schema.org","@graph":[{"@type":"WebPage","@id":"https:\/\/ptshorn.ac.at\/wordpress\/fachbereiche\/handel-buero\/","url":"https:\/\/ptshorn.ac.at\/wordpress\/fachbereiche\/handel-buero\/","name":"Fachbereich Handel\/B\u00fcro - PTS Horn","isPartOf":{"@id":"https:\/\/ptshorn.ac.at\/wordpress\/#website"},"primaryImageOfPage":{"@id":"https:\/\/ptshorn.ac.at\/wordpress\/fachbereiche\/handel-buero\/#primaryimage"},"image":{"@id":"https:\/\/ptshorn.ac.at\/wordpress\/fachbereiche\/handel-buero\/#primaryimage"},"thumbnailUrl":"https:\/\/ptshorn.ac.at\/wordpress\/wp-content\/uploads\/2020\/10\/Trennlinie.png","datePublished":"2016-11-26T10:40:19+00:00","dateModified":"2025-05-20T08:42:36+00:00","breadcrumb":{"@id":"https:\/\/ptshorn.ac.at\/wordpress\/fachbereiche\/handel-buero\/#breadcrumb"},"inLanguage":"de","potentialAction":[{"@type":"ReadAction","target":["https:\/\/ptshorn.ac.at\/wordpress\/fachbereiche\/handel-buero\/"]}]},{"@type":"ImageObject","inLanguage":"de","@id":"https:\/\/ptshorn.ac.at\/wordpress\/fachbereiche\/handel-buero\/#primaryimage","url":"https:\/\/ptshorn.ac.at\/wordpress\/wp-content\/uploads\/2020\/10\/Trennlinie.png","contentUrl":"https:\/\/ptshorn.ac.at\/wordpress\/wp-content\/uploads\/2020\/10\/Trennlinie.png","width":438,"height":35},{"@type":"BreadcrumbList","@id":"https:\/\/ptshorn.ac.at\/wordpress\/fachbereiche\/handel-buero\/#breadcrumb","itemListElement":[{"@type":"ListItem","position":1,"name":"Startseite","item":"https:\/\/ptshorn.ac.at\/wordpress\/"},{"@type":"ListItem","position":2,"name":"Fachbereiche","item":"https:\/\/ptshorn.ac.at\/wordpress\/fachbereiche\/"},{"@type":"ListItem","position":3,"name":"Fachbereich Handel\/B\u00fcro"}]},{"@type":"WebSite","@id":"https:\/\/ptshorn.ac.at\/wordpress\/#website","url":"https:\/\/ptshorn.ac.at\/wordpress\/","name":"PTS Horn","description":"","potentialAction":[{"@type":"SearchAction","target":{"@type":"EntryPoint","urlTemplate":"https:\/\/ptshorn.ac.at\/wordpress\/?s={search_term_string}"},"query-input":{"@type":"PropertyValueSpecification","valueRequired":true,"valueName":"search_term_string"}}],"inLanguage":"de"}]}},"_links":{"self":[{"href":"https:\/\/ptshorn.ac.at\/wordpress\/wp-json\/wp\/v2\/pages\/58","targetHints":{"allow":["GET"]}}],"collection":[{"href":"https:\/\/ptshorn.ac.at\/wordpress\/wp-json\/wp\/v2\/pages"}],"about":[{"href":"https:\/\/ptshorn.ac.at\/wordpress\/wp-json\/wp\/v2\/types\/page"}],"author":[{"embeddable":true,"href":"https:\/\/ptshorn.ac.at\/wordpress\/wp-json\/wp\/v2\/users\/2"}],"replies":[{"embeddable":true,"href":"https:\/\/ptshorn.ac.at\/wordpress\/wp-json\/wp\/v2\/comments?post=58"}],"version-history":[{"count":26,"href":"https:\/\/ptshorn.ac.at\/wordpress\/wp-json\/wp\/v2\/pages\/58\/revisions"}],"predecessor-version":[{"id":10229,"href":"https:\/\/ptshorn.ac.at\/wordpress\/wp-json\/wp\/v2\/pages\/58\/revisions\/10229"}],"up":[{"embeddable":true,"href":"https:\/\/ptshorn.ac.at\/wordpress\/wp-json\/wp\/v2\/pages\/9"}],"wp:attachment":[{"href":"https:\/\/ptshorn.ac.at\/wordpress\/wp-json\/wp\/v2\/media?parent=58"}],"curies":[{"name":"wp","href":"https:\/\/api.w.org\/{rel}","templated":true}]}}