{"id":49,"date":"2016-11-26T11:34:47","date_gmt":"2016-11-26T10:34:47","guid":{"rendered":"http:\/\/ptshorn.ac.at\/wordpress\/?page_id=49"},"modified":"2025-12-21T22:44:56","modified_gmt":"2025-12-21T21:44:56","slug":"metall","status":"publish","type":"page","link":"https:\/\/ptshorn.ac.at\/wordpress\/fachbereiche\/metall\/","title":{"rendered":"Fachbereich Metall"},"content":{"rendered":"<p><img decoding=\"async\" class=\"logo aligncenter wp-image-3439 lazyload\" data-src=\"https:\/\/ptshorn.ac.at\/wordpress\/wp-content\/uploads\/2020\/10\/Trennlinie.png\" alt=\"\" width=\"188\" height=\"15\" data-srcset=\"https:\/\/ptshorn.ac.at\/wordpress\/wp-content\/uploads\/2020\/10\/Trennlinie.png 438w, https:\/\/ptshorn.ac.at\/wordpress\/wp-content\/uploads\/2020\/10\/Trennlinie-300x24.png 300w\" data-sizes=\"(max-width: 188px) 100vw, 188px\" src=\"data:image\/svg+xml;base64,PHN2ZyB3aWR0aD0iMSIgaGVpZ2h0PSIxIiB4bWxucz0iaHR0cDovL3d3dy53My5vcmcvMjAwMC9zdmciPjwvc3ZnPg==\" style=\"--smush-placeholder-width: 188px; --smush-placeholder-aspect-ratio: 188\/15;\" \/><\/p>\n<p style=\"text-align: right;\"><img decoding=\"async\" class=\"logo alignleft wp-image-64 lazyload\" data-src=\"https:\/\/ptshorn.ac.at\/wordpress\/wp-content\/uploads\/2016\/11\/icon_metall-300x300.jpg\" alt=\"icon_metall\" width=\"145\" height=\"145\" src=\"data:image\/svg+xml;base64,PHN2ZyB3aWR0aD0iMSIgaGVpZ2h0PSIxIiB4bWxucz0iaHR0cDovL3d3dy53My5vcmcvMjAwMC9zdmciPjwvc3ZnPg==\" style=\"--smush-placeholder-width: 145px; --smush-placeholder-aspect-ratio: 145\/145;\"><\/p>\n<p>Metalle und auch Kunststoffe sind wichtige Werkstoffe der Zukunft.<\/p>\n<p>Im Fachbereich Metall werden wichtige theoretische Kenntnisse vermittelt. In der Praxis werden die grundlegenden Bearbeitungstechniken wie etwa S\u00e4gen, Bohren, Feilen, L\u00f6ten und Schwei\u00dfen erlernt und ge\u00fcbt. Jugendlichen mit Interesse und den F\u00e4higkeiten f\u00fcr diese Berufsbereiche stehen eine Vielzahl an Ausbildungsm\u00f6glichkeiten in Industrie und Gewerbe offen.<\/p>\n<\/p>\n\n\n<div id='gallery-1' class='gallery galleryid-49 gallery-columns-3 gallery-size-thumbnail'><figure class='gallery-item'>\n\t\t\t<div class='gallery-icon landscape'>\n\t\t\t\t<a href='https:\/\/ptshorn.ac.at\/wordpress\/fachbereiche\/metall\/metallwerkstatt2\/'><img decoding=\"async\" width=\"150\" height=\"150\" data-src=\"https:\/\/ptshorn.ac.at\/wordpress\/wp-content\/uploads\/2020\/10\/metallwerkstatt2-150x150.jpg\" class=\"attachment-thumbnail size-thumbnail lazyload\" alt=\"\" data-srcset=\"https:\/\/ptshorn.ac.at\/wordpress\/wp-content\/uploads\/2020\/10\/metallwerkstatt2-150x150.jpg 150w, https:\/\/ptshorn.ac.at\/wordpress\/wp-content\/uploads\/2020\/10\/metallwerkstatt2-200x200.jpg 200w, https:\/\/ptshorn.ac.at\/wordpress\/wp-content\/uploads\/2020\/10\/metallwerkstatt2-100x100.jpg 100w\" data-sizes=\"(max-width: 150px) 100vw, 150px\" src=\"data:image\/svg+xml;base64,PHN2ZyB3aWR0aD0iMSIgaGVpZ2h0PSIxIiB4bWxucz0iaHR0cDovL3d3dy53My5vcmcvMjAwMC9zdmciPjwvc3ZnPg==\" style=\"--smush-placeholder-width: 150px; --smush-placeholder-aspect-ratio: 150\/150;\" \/><\/a>\n\t\t\t<\/div><\/figure><figure class='gallery-item'>\n\t\t\t<div class='gallery-icon landscape'>\n\t\t\t\t<a href='https:\/\/ptshorn.ac.at\/wordpress\/fachbereiche\/metall\/metallwerkstatt1\/'><img decoding=\"async\" width=\"150\" height=\"150\" data-src=\"https:\/\/ptshorn.ac.at\/wordpress\/wp-content\/uploads\/2020\/10\/metallwerkstatt1-150x150.jpg\" class=\"attachment-thumbnail size-thumbnail lazyload\" alt=\"\" data-srcset=\"https:\/\/ptshorn.ac.at\/wordpress\/wp-content\/uploads\/2020\/10\/metallwerkstatt1-150x150.jpg 150w, https:\/\/ptshorn.ac.at\/wordpress\/wp-content\/uploads\/2020\/10\/metallwerkstatt1-200x200.jpg 200w, https:\/\/ptshorn.ac.at\/wordpress\/wp-content\/uploads\/2020\/10\/metallwerkstatt1-100x100.jpg 100w\" data-sizes=\"(max-width: 150px) 100vw, 150px\" src=\"data:image\/svg+xml;base64,PHN2ZyB3aWR0aD0iMSIgaGVpZ2h0PSIxIiB4bWxucz0iaHR0cDovL3d3dy53My5vcmcvMjAwMC9zdmciPjwvc3ZnPg==\" style=\"--smush-placeholder-width: 150px; --smush-placeholder-aspect-ratio: 150\/150;\" \/><\/a>\n\t\t\t<\/div><\/figure><figure class='gallery-item'>\n\t\t\t<div class='gallery-icon landscape'>\n\t\t\t\t<a href='https:\/\/ptshorn.ac.at\/wordpress\/fachbereiche\/metall\/img-20201011-wa0029\/'><img decoding=\"async\" width=\"150\" height=\"150\" data-src=\"https:\/\/ptshorn.ac.at\/wordpress\/wp-content\/uploads\/2020\/10\/IMG-20201011-WA0029-150x150.jpg\" class=\"attachment-thumbnail size-thumbnail lazyload\" alt=\"\" data-srcset=\"https:\/\/ptshorn.ac.at\/wordpress\/wp-content\/uploads\/2020\/10\/IMG-20201011-WA0029-150x150.jpg 150w, https:\/\/ptshorn.ac.at\/wordpress\/wp-content\/uploads\/2020\/10\/IMG-20201011-WA0029-200x200.jpg 200w, https:\/\/ptshorn.ac.at\/wordpress\/wp-content\/uploads\/2020\/10\/IMG-20201011-WA0029-100x100.jpg 100w\" data-sizes=\"(max-width: 150px) 100vw, 150px\" src=\"data:image\/svg+xml;base64,PHN2ZyB3aWR0aD0iMSIgaGVpZ2h0PSIxIiB4bWxucz0iaHR0cDovL3d3dy53My5vcmcvMjAwMC9zdmciPjwvc3ZnPg==\" style=\"--smush-placeholder-width: 150px; --smush-placeholder-aspect-ratio: 150\/150;\" \/><\/a>\n\t\t\t<\/div><\/figure><figure class='gallery-item'>\n\t\t\t<div class='gallery-icon portrait'>\n\t\t\t\t<a href='https:\/\/ptshorn.ac.at\/wordpress\/fachbereiche\/metall\/metall1\/'><img decoding=\"async\" width=\"150\" height=\"150\" data-src=\"https:\/\/ptshorn.ac.at\/wordpress\/wp-content\/uploads\/2020\/10\/metall1-150x150.jpg\" class=\"attachment-thumbnail size-thumbnail lazyload\" alt=\"\" data-srcset=\"https:\/\/ptshorn.ac.at\/wordpress\/wp-content\/uploads\/2020\/10\/metall1-150x150.jpg 150w, https:\/\/ptshorn.ac.at\/wordpress\/wp-content\/uploads\/2020\/10\/metall1-200x200.jpg 200w, https:\/\/ptshorn.ac.at\/wordpress\/wp-content\/uploads\/2020\/10\/metall1-100x100.jpg 100w\" data-sizes=\"(max-width: 150px) 100vw, 150px\" src=\"data:image\/svg+xml;base64,PHN2ZyB3aWR0aD0iMSIgaGVpZ2h0PSIxIiB4bWxucz0iaHR0cDovL3d3dy53My5vcmcvMjAwMC9zdmciPjwvc3ZnPg==\" style=\"--smush-placeholder-width: 150px; --smush-placeholder-aspect-ratio: 150\/150;\" \/><\/a>\n\t\t\t<\/div><\/figure><figure class='gallery-item'>\n\t\t\t<div class='gallery-icon landscape'>\n\t\t\t\t<a href='https:\/\/ptshorn.ac.at\/wordpress\/ueber-uns\/die-schule\/metallwerkstatt_\/'><img decoding=\"async\" width=\"150\" height=\"150\" data-src=\"https:\/\/ptshorn.ac.at\/wordpress\/wp-content\/uploads\/2017\/01\/Metallwerkstatt_-150x150.jpg\" class=\"attachment-thumbnail size-thumbnail lazyload\" alt=\"\" data-srcset=\"https:\/\/ptshorn.ac.at\/wordpress\/wp-content\/uploads\/2017\/01\/Metallwerkstatt_-150x150.jpg 150w, https:\/\/ptshorn.ac.at\/wordpress\/wp-content\/uploads\/2017\/01\/Metallwerkstatt_-100x100.jpg 100w, https:\/\/ptshorn.ac.at\/wordpress\/wp-content\/uploads\/2017\/01\/Metallwerkstatt_-200x200.jpg 200w\" data-sizes=\"(max-width: 150px) 100vw, 150px\" src=\"data:image\/svg+xml;base64,PHN2ZyB3aWR0aD0iMSIgaGVpZ2h0PSIxIiB4bWxucz0iaHR0cDovL3d3dy53My5vcmcvMjAwMC9zdmciPjwvc3ZnPg==\" style=\"--smush-placeholder-width: 150px; --smush-placeholder-aspect-ratio: 150\/150;\" \/><\/a>\n\t\t\t<\/div><\/figure>\n\t\t<\/div>\n\n\n\n\n<h4>\u00a0<\/h4>\n<h4 style=\"text-align: center;\"><span style=\"color: #99cc00;\"><a style=\"color: #99cc00;\" href=\"https:\/\/ptshorn.ac.at\/wordpress\/fachbereiche\/metall\/fotos\/\">Weitere Fotos<\/a><\/span><\/h4>\n<p>\u00a0<\/p>\n<p>\u00a0<\/p>\n\n<table id=\"tablepress-2\" class=\"tablepress tablepress-id-2\">\n<thead>\n<tr class=\"row-1\">\n\t<th class=\"column-1\">Gegenstand<\/th><th class=\"column-2\">Wochenstunden<\/th>\n<\/tr>\n<\/thead>\n<tbody>\n<tr class=\"row-2\">\n\t<td class=\"column-1\">Digitale Grundbildung<\/td><td class=\"column-2\">1<\/td>\n<\/tr>\n<tr class=\"row-3\">\n\t<td class=\"column-1\">Betriebswirtschaftliche Grundlagen<\/td><td class=\"column-2\">1<\/td>\n<\/tr>\n<tr class=\"row-4\">\n\t<td class=\"column-1\">Naturwissenschaftliche Grundlagen und \u00dcbungen<\/td><td class=\"column-2\">2<\/td>\n<\/tr>\n<tr class=\"row-5\">\n\t<td class=\"column-1\">Technisches Zeichnen Metall<\/td><td class=\"column-2\">2<\/td>\n<\/tr>\n<tr class=\"row-6\">\n\t<td class=\"column-1\">Fachkunde Metall<\/td><td class=\"column-2\">1<\/td>\n<\/tr>\n<tr class=\"row-7\">\n\t<td class=\"column-1\">Fachpraxis Metall<\/td><td class=\"column-2\">7<\/td>\n<\/tr>\n<\/tbody>\n<tfoot>\n<tr class=\"row-8\">\n\t<th class=\"column-1\">Gesamt<\/th><th class=\"column-2\">14<\/th>\n<\/tr>\n<\/tfoot>\n<\/table>\n<!-- #tablepress-2 from cache -->\n","protected":false},"excerpt":{"rendered":"<p>Metalle und auch Kunststoffe sind wichtige Werkstoffe der Zukunft. Im Fachbereich Metall werden wichtige theoretische Kenntnisse vermittelt. In der Praxis werden die grundlegenden Bearbeitungstechniken wie etwa S\u00e4gen, Bohren, Feilen, L\u00f6ten und Schwei\u00dfen erlernt und ge\u00fcbt. Jugendlichen mit Interesse und den F\u00e4higkeiten f\u00fcr diese Berufsbereiche stehen eine Vielzahl an Ausbildungsm\u00f6glichkeiten in Industrie und Gewerbe offen. \u00a0 Weitere [&hellip;]<\/p>\n","protected":false},"author":5,"featured_media":0,"parent":9,"menu_order":0,"comment_status":"closed","ping_status":"closed","template":"","meta":{"footnotes":""},"class_list":["post-49","page","type-page","status-publish","hentry"],"yoast_head":"<!-- This site is optimized with the Yoast SEO plugin v26.6 - https:\/\/yoast.com\/wordpress\/plugins\/seo\/ -->\n<title>Fachbereich Metall - PTS Horn<\/title>\n<meta name=\"robots\" content=\"index, follow, max-snippet:-1, max-image-preview:large, max-video-preview:-1\" \/>\n<link rel=\"canonical\" href=\"https:\/\/ptshorn.ac.at\/wordpress\/fachbereiche\/metall\/\" \/>\n<meta property=\"og:locale\" content=\"de_DE\" \/>\n<meta property=\"og:type\" content=\"article\" \/>\n<meta property=\"og:title\" content=\"Fachbereich Metall - PTS Horn\" \/>\n<meta property=\"og:description\" content=\"Metalle und auch Kunststoffe sind wichtige Werkstoffe der Zukunft. Im Fachbereich Metall werden wichtige theoretische Kenntnisse vermittelt. In der Praxis werden die grundlegenden Bearbeitungstechniken wie etwa S\u00e4gen, Bohren, Feilen, L\u00f6ten und Schwei\u00dfen erlernt und ge\u00fcbt. Jugendlichen mit Interesse und den F\u00e4higkeiten f\u00fcr diese Berufsbereiche stehen eine Vielzahl an Ausbildungsm\u00f6glichkeiten in Industrie und Gewerbe offen. \u00a0 Weitere [&hellip;]\" \/>\n<meta property=\"og:url\" content=\"https:\/\/ptshorn.ac.at\/wordpress\/fachbereiche\/metall\/\" \/>\n<meta property=\"og:site_name\" content=\"PTS Horn\" \/>\n<meta property=\"article:modified_time\" content=\"2025-12-21T21:44:56+00:00\" \/>\n<meta property=\"og:image\" content=\"https:\/\/ptshorn.ac.at\/wordpress\/wp-content\/uploads\/2020\/10\/metallwerkstatt2-1024x768.jpg\" \/>\n<meta name=\"twitter:card\" content=\"summary_large_image\" \/>\n<meta name=\"twitter:label1\" content=\"Gesch\u00e4tzte Lesezeit\" \/>\n\t<meta name=\"twitter:data1\" content=\"1\u00a0Minute\" \/>\n<script type=\"application\/ld+json\" class=\"yoast-schema-graph\">{\"@context\":\"https:\/\/schema.org\",\"@graph\":[{\"@type\":\"WebPage\",\"@id\":\"https:\/\/ptshorn.ac.at\/wordpress\/fachbereiche\/metall\/\",\"url\":\"https:\/\/ptshorn.ac.at\/wordpress\/fachbereiche\/metall\/\",\"name\":\"Fachbereich Metall - PTS Horn\",\"isPartOf\":{\"@id\":\"https:\/\/ptshorn.ac.at\/wordpress\/#website\"},\"primaryImageOfPage\":{\"@id\":\"https:\/\/ptshorn.ac.at\/wordpress\/fachbereiche\/metall\/#primaryimage\"},\"image\":{\"@id\":\"https:\/\/ptshorn.ac.at\/wordpress\/fachbereiche\/metall\/#primaryimage\"},\"thumbnailUrl\":\"https:\/\/ptshorn.ac.at\/wordpress\/wp-content\/uploads\/2020\/10\/Trennlinie.png\",\"datePublished\":\"2016-11-26T10:34:47+00:00\",\"dateModified\":\"2025-12-21T21:44:56+00:00\",\"breadcrumb\":{\"@id\":\"https:\/\/ptshorn.ac.at\/wordpress\/fachbereiche\/metall\/#breadcrumb\"},\"inLanguage\":\"de\",\"potentialAction\":[{\"@type\":\"ReadAction\",\"target\":[\"https:\/\/ptshorn.ac.at\/wordpress\/fachbereiche\/metall\/\"]}]},{\"@type\":\"ImageObject\",\"inLanguage\":\"de\",\"@id\":\"https:\/\/ptshorn.ac.at\/wordpress\/fachbereiche\/metall\/#primaryimage\",\"url\":\"https:\/\/ptshorn.ac.at\/wordpress\/wp-content\/uploads\/2020\/10\/Trennlinie.png\",\"contentUrl\":\"https:\/\/ptshorn.ac.at\/wordpress\/wp-content\/uploads\/2020\/10\/Trennlinie.png\",\"width\":438,\"height\":35},{\"@type\":\"BreadcrumbList\",\"@id\":\"https:\/\/ptshorn.ac.at\/wordpress\/fachbereiche\/metall\/#breadcrumb\",\"itemListElement\":[{\"@type\":\"ListItem\",\"position\":1,\"name\":\"Startseite\",\"item\":\"https:\/\/ptshorn.ac.at\/wordpress\/\"},{\"@type\":\"ListItem\",\"position\":2,\"name\":\"Fachbereiche\",\"item\":\"https:\/\/ptshorn.ac.at\/wordpress\/fachbereiche\/\"},{\"@type\":\"ListItem\",\"position\":3,\"name\":\"Fachbereich Metall\"}]},{\"@type\":\"WebSite\",\"@id\":\"https:\/\/ptshorn.ac.at\/wordpress\/#website\",\"url\":\"https:\/\/ptshorn.ac.at\/wordpress\/\",\"name\":\"PTS Horn\",\"description\":\"\",\"potentialAction\":[{\"@type\":\"SearchAction\",\"target\":{\"@type\":\"EntryPoint\",\"urlTemplate\":\"https:\/\/ptshorn.ac.at\/wordpress\/?s={search_term_string}\"},\"query-input\":{\"@type\":\"PropertyValueSpecification\",\"valueRequired\":true,\"valueName\":\"search_term_string\"}}],\"inLanguage\":\"de\"}]}<\/script>\n<!-- \/ Yoast SEO plugin. -->","yoast_head_json":{"title":"Fachbereich Metall - PTS Horn","robots":{"index":"index","follow":"follow","max-snippet":"max-snippet:-1","max-image-preview":"max-image-preview:large","max-video-preview":"max-video-preview:-1"},"canonical":"https:\/\/ptshorn.ac.at\/wordpress\/fachbereiche\/metall\/","og_locale":"de_DE","og_type":"article","og_title":"Fachbereich Metall - PTS Horn","og_description":"Metalle und auch Kunststoffe sind wichtige Werkstoffe der Zukunft. Im Fachbereich Metall werden wichtige theoretische Kenntnisse vermittelt. In der Praxis werden die grundlegenden Bearbeitungstechniken wie etwa S\u00e4gen, Bohren, Feilen, L\u00f6ten und Schwei\u00dfen erlernt und ge\u00fcbt. Jugendlichen mit Interesse und den F\u00e4higkeiten f\u00fcr diese Berufsbereiche stehen eine Vielzahl an Ausbildungsm\u00f6glichkeiten in Industrie und Gewerbe offen. \u00a0 Weitere [&hellip;]","og_url":"https:\/\/ptshorn.ac.at\/wordpress\/fachbereiche\/metall\/","og_site_name":"PTS Horn","article_modified_time":"2025-12-21T21:44:56+00:00","og_image":[{"url":"https:\/\/ptshorn.ac.at\/wordpress\/wp-content\/uploads\/2020\/10\/metallwerkstatt2-1024x768.jpg","type":"","width":"","height":""}],"twitter_card":"summary_large_image","twitter_misc":{"Gesch\u00e4tzte Lesezeit":"1\u00a0Minute"},"schema":{"@context":"https:\/\/schema.org","@graph":[{"@type":"WebPage","@id":"https:\/\/ptshorn.ac.at\/wordpress\/fachbereiche\/metall\/","url":"https:\/\/ptshorn.ac.at\/wordpress\/fachbereiche\/metall\/","name":"Fachbereich Metall - PTS Horn","isPartOf":{"@id":"https:\/\/ptshorn.ac.at\/wordpress\/#website"},"primaryImageOfPage":{"@id":"https:\/\/ptshorn.ac.at\/wordpress\/fachbereiche\/metall\/#primaryimage"},"image":{"@id":"https:\/\/ptshorn.ac.at\/wordpress\/fachbereiche\/metall\/#primaryimage"},"thumbnailUrl":"https:\/\/ptshorn.ac.at\/wordpress\/wp-content\/uploads\/2020\/10\/Trennlinie.png","datePublished":"2016-11-26T10:34:47+00:00","dateModified":"2025-12-21T21:44:56+00:00","breadcrumb":{"@id":"https:\/\/ptshorn.ac.at\/wordpress\/fachbereiche\/metall\/#breadcrumb"},"inLanguage":"de","potentialAction":[{"@type":"ReadAction","target":["https:\/\/ptshorn.ac.at\/wordpress\/fachbereiche\/metall\/"]}]},{"@type":"ImageObject","inLanguage":"de","@id":"https:\/\/ptshorn.ac.at\/wordpress\/fachbereiche\/metall\/#primaryimage","url":"https:\/\/ptshorn.ac.at\/wordpress\/wp-content\/uploads\/2020\/10\/Trennlinie.png","contentUrl":"https:\/\/ptshorn.ac.at\/wordpress\/wp-content\/uploads\/2020\/10\/Trennlinie.png","width":438,"height":35},{"@type":"BreadcrumbList","@id":"https:\/\/ptshorn.ac.at\/wordpress\/fachbereiche\/metall\/#breadcrumb","itemListElement":[{"@type":"ListItem","position":1,"name":"Startseite","item":"https:\/\/ptshorn.ac.at\/wordpress\/"},{"@type":"ListItem","position":2,"name":"Fachbereiche","item":"https:\/\/ptshorn.ac.at\/wordpress\/fachbereiche\/"},{"@type":"ListItem","position":3,"name":"Fachbereich Metall"}]},{"@type":"WebSite","@id":"https:\/\/ptshorn.ac.at\/wordpress\/#website","url":"https:\/\/ptshorn.ac.at\/wordpress\/","name":"PTS Horn","description":"","potentialAction":[{"@type":"SearchAction","target":{"@type":"EntryPoint","urlTemplate":"https:\/\/ptshorn.ac.at\/wordpress\/?s={search_term_string}"},"query-input":{"@type":"PropertyValueSpecification","valueRequired":true,"valueName":"search_term_string"}}],"inLanguage":"de"}]}},"_links":{"self":[{"href":"https:\/\/ptshorn.ac.at\/wordpress\/wp-json\/wp\/v2\/pages\/49","targetHints":{"allow":["GET"]}}],"collection":[{"href":"https:\/\/ptshorn.ac.at\/wordpress\/wp-json\/wp\/v2\/pages"}],"about":[{"href":"https:\/\/ptshorn.ac.at\/wordpress\/wp-json\/wp\/v2\/types\/page"}],"author":[{"embeddable":true,"href":"https:\/\/ptshorn.ac.at\/wordpress\/wp-json\/wp\/v2\/users\/5"}],"replies":[{"embeddable":true,"href":"https:\/\/ptshorn.ac.at\/wordpress\/wp-json\/wp\/v2\/comments?post=49"}],"version-history":[{"count":21,"href":"https:\/\/ptshorn.ac.at\/wordpress\/wp-json\/wp\/v2\/pages\/49\/revisions"}],"predecessor-version":[{"id":11050,"href":"https:\/\/ptshorn.ac.at\/wordpress\/wp-json\/wp\/v2\/pages\/49\/revisions\/11050"}],"up":[{"embeddable":true,"href":"https:\/\/ptshorn.ac.at\/wordpress\/wp-json\/wp\/v2\/pages\/9"}],"wp:attachment":[{"href":"https:\/\/ptshorn.ac.at\/wordpress\/wp-json\/wp\/v2\/media?parent=49"}],"curies":[{"name":"wp","href":"https:\/\/api.w.org\/{rel}","templated":true}]}}