{"id":170,"date":"2017-01-15T18:32:26","date_gmt":"2017-01-15T17:32:26","guid":{"rendered":"http:\/\/ptshorn.ac.at\/wordpress\/?page_id=170"},"modified":"2025-09-25T10:50:16","modified_gmt":"2025-09-25T08:50:16","slug":"stundentafel","status":"publish","type":"page","link":"https:\/\/ptshorn.ac.at\/wordpress\/ueber-uns\/stundentafel\/","title":{"rendered":"Stundentafel"},"content":{"rendered":"<p><img decoding=\"async\" class=\"logo aligncenter wp-image-3439 lazyload\" data-src=\"https:\/\/ptshorn.ac.at\/wordpress\/wp-content\/uploads\/2020\/10\/Trennlinie.png\" alt=\"\" width=\"188\" height=\"15\" data-srcset=\"https:\/\/ptshorn.ac.at\/wordpress\/wp-content\/uploads\/2020\/10\/Trennlinie.png 438w, https:\/\/ptshorn.ac.at\/wordpress\/wp-content\/uploads\/2020\/10\/Trennlinie-300x24.png 300w\" data-sizes=\"(max-width: 188px) 100vw, 188px\" src=\"data:image\/svg+xml;base64,PHN2ZyB3aWR0aD0iMSIgaGVpZ2h0PSIxIiB4bWxucz0iaHR0cDovL3d3dy53My5vcmcvMjAwMC9zdmciPjwvc3ZnPg==\" style=\"--smush-placeholder-width: 188px; --smush-placeholder-aspect-ratio: 188\/15;\" \/><\/p>\n<h3><span style=\"color: #99cc00;\">Pflichtgegenst\u00e4nde<\/span><\/h3>\n\n<table id=\"tablepress-9\" class=\"tablepress tablepress-id-9\">\n<thead>\n<tr class=\"row-1\">\n\t<th class=\"column-1\">Gegenst\u00e4nde<\/th><th class=\"column-2\">Wochenstunden<\/th>\n<\/tr>\n<\/thead>\n<tbody>\n<tr class=\"row-2\">\n\t<td class=\"column-1\">Religion<\/td><td class=\"column-2\">2<\/td>\n<\/tr>\n<tr class=\"row-3\">\n\t<td class=\"column-1\">Berufs- und Lebenswelt<\/td><td class=\"column-2\">2<\/td>\n<\/tr>\n<tr class=\"row-4\">\n\t<td class=\"column-1\">Gesundheitslehre<\/td><td class=\"column-2\">1<\/td>\n<\/tr>\n<tr class=\"row-5\">\n\t<td class=\"column-1\">Deutsch und Kommunikation<\/td><td class=\"column-2\">3<\/td>\n<\/tr>\n<tr class=\"row-6\">\n\t<td class=\"column-1\">Lebende Fremdsprache Englisch<\/td><td class=\"column-2\">3<\/td>\n<\/tr>\n<tr class=\"row-7\">\n\t<td class=\"column-1\">Angewandte Mathematik<\/td><td class=\"column-2\">3<\/td>\n<\/tr>\n<tr class=\"row-8\">\n\t<td class=\"column-1\">Politische Bildung, Wirtschaft und \u00d6kologie<\/td><td class=\"column-2\">2<\/td>\n<\/tr>\n<tr class=\"row-9\">\n\t<td class=\"column-1\">Bewegung und Sport<\/td><td class=\"column-2\">2<\/td>\n<\/tr>\n<\/tbody>\n<tfoot>\n<tr class=\"row-10\">\n\t<th class=\"column-1\">Gesamt<\/th><th class=\"column-2\">18<\/th>\n<\/tr>\n<\/tfoot>\n<\/table>\n<!-- #tablepress-9 from cache -->\n<h3><span style=\"color: #99cc00;\">Fachbereich Metall<\/span><\/h3>\n\n<table id=\"tablepress-2\" class=\"tablepress tablepress-id-2\">\n<thead>\n<tr class=\"row-1\">\n\t<th class=\"column-1\">Gegenstand<\/th><th class=\"column-2\">Wochenstunden<\/th>\n<\/tr>\n<\/thead>\n<tbody>\n<tr class=\"row-2\">\n\t<td class=\"column-1\">Digitale Grundbildung<\/td><td class=\"column-2\">1<\/td>\n<\/tr>\n<tr class=\"row-3\">\n\t<td class=\"column-1\">Betriebswirtschaftliche Grundlagen<\/td><td class=\"column-2\">1<\/td>\n<\/tr>\n<tr class=\"row-4\">\n\t<td class=\"column-1\">Naturwissenschaftliche Grundlagen und \u00dcbungen<\/td><td class=\"column-2\">2<\/td>\n<\/tr>\n<tr class=\"row-5\">\n\t<td class=\"column-1\">Technisches Zeichnen Metall<\/td><td class=\"column-2\">2<\/td>\n<\/tr>\n<tr class=\"row-6\">\n\t<td class=\"column-1\">Fachkunde Metall<\/td><td class=\"column-2\">1<\/td>\n<\/tr>\n<tr class=\"row-7\">\n\t<td class=\"column-1\">Fachpraxis Metall<\/td><td class=\"column-2\">7<\/td>\n<\/tr>\n<\/tbody>\n<tfoot>\n<tr class=\"row-8\">\n\t<th class=\"column-1\">Gesamt<\/th><th class=\"column-2\">14<\/th>\n<\/tr>\n<\/tfoot>\n<\/table>\n<!-- #tablepress-2 from cache -->\n<h3><span style=\"color: #99cc00;\">Fachbereich Elektro-Mechatronik<\/span><\/h3>\n\n<table id=\"tablepress-3\" class=\"tablepress tablepress-id-3\">\n<thead>\n<tr class=\"row-1\">\n\t<th class=\"column-1\">Gegenstand<\/th><th class=\"column-2\">Wochenstunden<\/th>\n<\/tr>\n<\/thead>\n<tbody>\n<tr class=\"row-2\">\n\t<td class=\"column-1\">Digitale Grundbildung<\/td><td class=\"column-2\">1<\/td>\n<\/tr>\n<tr class=\"row-3\">\n\t<td class=\"column-1\">Betriebswirtschaftliche Grundlagen<\/td><td class=\"column-2\">1<\/td>\n<\/tr>\n<tr class=\"row-4\">\n\t<td class=\"column-1\">Naturwissenschaftliche Grundlagen und \u00dcbungen<\/td><td class=\"column-2\">2<\/td>\n<\/tr>\n<tr class=\"row-5\">\n\t<td class=\"column-1\">Technisches Zeichnen Elektro-Mechatronik<\/td><td class=\"column-2\">2<\/td>\n<\/tr>\n<tr class=\"row-6\">\n\t<td class=\"column-1\">Fachkunde Elektro-Mechatronik<\/td><td class=\"column-2\">2<\/td>\n<\/tr>\n<tr class=\"row-7\">\n\t<td class=\"column-1\">Fachpraxis Elektro-Mechatronik<\/td><td class=\"column-2\">6<\/td>\n<\/tr>\n<\/tbody>\n<tfoot>\n<tr class=\"row-8\">\n\t<th class=\"column-1\">Gesamt<\/th><th class=\"column-2\">14<\/th>\n<\/tr>\n<\/tfoot>\n<\/table>\n<!-- #tablepress-3 from cache -->\n<h3><span style=\"color: #99cc00;\">Fachbereich Bau<\/span><\/h3>\n\n<table id=\"tablepress-4\" class=\"tablepress tablepress-id-4\">\n<thead>\n<tr class=\"row-1\">\n\t<th class=\"column-1\">Gegenstand<\/th><th class=\"column-2\">Wochenstunden<\/th>\n<\/tr>\n<\/thead>\n<tbody>\n<tr class=\"row-2\">\n\t<td class=\"column-1\">Digitale Grundbildung<\/td><td class=\"column-2\">1<\/td>\n<\/tr>\n<tr class=\"row-3\">\n\t<td class=\"column-1\">Betriebswirtschaftliche Grundlagen<\/td><td class=\"column-2\">1<\/td>\n<\/tr>\n<tr class=\"row-4\">\n\t<td class=\"column-1\">Naturwissenschaftliche Grundlagen und \u00dcbungen<\/td><td class=\"column-2\">2<\/td>\n<\/tr>\n<tr class=\"row-5\">\n\t<td class=\"column-1\">Technisches Zeichnen Bau<\/td><td class=\"column-2\">2<\/td>\n<\/tr>\n<tr class=\"row-6\">\n\t<td class=\"column-1\">Fachkunde Bau<\/td><td class=\"column-2\">2<\/td>\n<\/tr>\n<tr class=\"row-7\">\n\t<td class=\"column-1\">Fachpraxis Bau<\/td><td class=\"column-2\">6<\/td>\n<\/tr>\n<\/tbody>\n<tfoot>\n<tr class=\"row-8\">\n\t<th class=\"column-1\">Gesamt<\/th><th class=\"column-2\">14<\/th>\n<\/tr>\n<\/tfoot>\n<\/table>\n<!-- #tablepress-4 from cache -->\n<h3><\/h3>\n<h3><span style=\"color: #99cc00;\">Fachbereich Holz<\/span><\/h3>\n\n<table id=\"tablepress-5\" class=\"tablepress tablepress-id-5\">\n<thead>\n<tr class=\"row-1\">\n\t<th class=\"column-1\">Gegenstand<\/th><th class=\"column-2\">Wochenstunden<\/th>\n<\/tr>\n<\/thead>\n<tbody>\n<tr class=\"row-2\">\n\t<td class=\"column-1\">Digitale Grundbildung<\/td><td class=\"column-2\">1<\/td>\n<\/tr>\n<tr class=\"row-3\">\n\t<td class=\"column-1\">Betriebswirtschaftliche Grundlagen<\/td><td class=\"column-2\">1<\/td>\n<\/tr>\n<tr class=\"row-4\">\n\t<td class=\"column-1\">Naturwissenschaftliche Grundlagen und \u00dcbungen<\/td><td class=\"column-2\">2<\/td>\n<\/tr>\n<tr class=\"row-5\">\n\t<td class=\"column-1\">Technisches Zeichnen Holz<\/td><td class=\"column-2\">2<\/td>\n<\/tr>\n<tr class=\"row-6\">\n\t<td class=\"column-1\">Fachkunde Holz<\/td><td class=\"column-2\">2<\/td>\n<\/tr>\n<tr class=\"row-7\">\n\t<td class=\"column-1\">Fachpraxis Holz<\/td><td class=\"column-2\">6<\/td>\n<\/tr>\n<\/tbody>\n<tfoot>\n<tr class=\"row-8\">\n\t<th class=\"column-1\">Gesamt<\/th><th class=\"column-2\">14<\/th>\n<\/tr>\n<\/tfoot>\n<\/table>\n<!-- #tablepress-5 from cache -->\n<h3><\/h3>\n<h3><span style=\"color: #99cc00;\">Fachbereich Handel\/B\u00fcro<\/span><\/h3>\n\n<table id=\"tablepress-6\" class=\"tablepress tablepress-id-6 fixed\">\n<thead>\n<tr class=\"row-1\">\n\t<th class=\"column-1\">Gegenstand<\/th><th class=\"column-2\">Wochenstunden<\/th>\n<\/tr>\n<\/thead>\n<tbody>\n<tr class=\"row-2\">\n\t<td class=\"column-1\">Digitale Grundbildung<\/td><td class=\"column-2\">3<\/td>\n<\/tr>\n<tr class=\"row-3\">\n\t<td class=\"column-1\">Betriebswirtschaftliche Grundlagen<\/td><td class=\"column-2\">2<\/td>\n<\/tr>\n<tr class=\"row-4\">\n\t<td class=\"column-1\">Buchf\u00fchrung und Wirtschaftsrechnen                    <\/td><td class=\"column-2\">4<\/td>\n<\/tr>\n<tr class=\"row-5\">\n\t<td class=\"column-1\">Fachkunde Handel\/B\u00fcro<\/td><td class=\"column-2\">1<\/td>\n<\/tr>\n<tr class=\"row-6\">\n\t<td class=\"column-1\">Fachpraxis Handel\/B\u00fcro<\/td><td class=\"column-2\">4<\/td>\n<\/tr>\n<\/tbody>\n<tfoot>\n<tr class=\"row-7\">\n\t<th class=\"column-1\">Gesamt<\/th><th class=\"column-2\">14<\/th>\n<\/tr>\n<\/tfoot>\n<\/table>\n<!-- #tablepress-6 from cache -->\n<h3><\/h3>\n<h3><span style=\"color: #99cc00;\">Fachbereich Gesundheit, Sch\u00f6nheit und Soziales<\/span><\/h3>\n\n<table id=\"tablepress-7\" class=\"tablepress tablepress-id-7\">\n<thead>\n<tr class=\"row-1\">\n\t<th class=\"column-1\">Gegenstand<\/th><th class=\"column-2\">Wochenstunden<\/th>\n<\/tr>\n<\/thead>\n<tbody>\n<tr class=\"row-2\">\n\t<td class=\"column-1\">Digitale Grundbildung<\/td><td class=\"column-2\">2<\/td>\n<\/tr>\n<tr class=\"row-3\">\n\t<td class=\"column-1\">Betriebswirtschaftliche Grundlagen<\/td><td class=\"column-2\">1<\/td>\n<\/tr>\n<tr class=\"row-4\">\n\t<td class=\"column-1\">Buchf\u00fchrung und Wirtschaftsrechnen<\/td><td class=\"column-2\">2<\/td>\n<\/tr>\n<tr class=\"row-5\">\n\t<td class=\"column-1\">Fachkunde<\/td><td class=\"column-2\">3<\/td>\n<\/tr>\n<tr class=\"row-6\">\n\t<td class=\"column-1\">Fachpraxis<\/td><td class=\"column-2\">6<\/td>\n<\/tr>\n<\/tbody>\n<tfoot>\n<tr class=\"row-7\">\n\t<th class=\"column-1\">Gesamt<\/th><th class=\"column-2\">14<\/th>\n<\/tr>\n<\/tfoot>\n<\/table>\n<!-- #tablepress-7 from cache -->\n<h3><\/h3>\n<h3><span style=\"color: #99cc00;\">Fachbereich Tourismus, Umwelt und Nachhaltigkeit<\/span><\/h3>\n\n<table id=\"tablepress-8\" class=\"tablepress tablepress-id-8\">\n<thead>\n<tr class=\"row-1\">\n\t<th class=\"column-1\">Gegenstand<\/th><th class=\"column-2\">Wochenstunden<\/th>\n<\/tr>\n<\/thead>\n<tbody>\n<tr class=\"row-2\">\n\t<td class=\"column-1\">Digitale Grundbildung<\/td><td class=\"column-2\">2<\/td>\n<\/tr>\n<tr class=\"row-3\">\n\t<td class=\"column-1\">Betriebswirtschaftliche Grundlagen <\/td><td class=\"column-2\">1<\/td>\n<\/tr>\n<tr class=\"row-4\">\n\t<td class=\"column-1\">Buchf\u00fchrung und Wirtschaftsrechnen<\/td><td class=\"column-2\">2<\/td>\n<\/tr>\n<tr class=\"row-5\">\n\t<td class=\"column-1\">Fachkunde TUN<\/td><td class=\"column-2\">4<\/td>\n<\/tr>\n<tr class=\"row-6\">\n\t<td class=\"column-1\">Fachpraxis TUN<\/td><td class=\"column-2\">5<\/td>\n<\/tr>\n<\/tbody>\n<tfoot>\n<tr class=\"row-7\">\n\t<th class=\"column-1\">Gesamt<\/th><th class=\"column-2\">14<\/th>\n<\/tr>\n<\/tfoot>\n<\/table>\n<!-- #tablepress-8 from cache -->\n<h3><\/h3>\n<h3><span style=\"color: #99cc00;\">Unverbindliche \u00dcbungen<\/span><\/h3>\n<p style=\"text-align: left;\">\n<table id=\"tablepress-10\" class=\"tablepress tablepress-id-10\">\n<thead>\n<tr class=\"row-1\">\n\t<th class=\"column-1\">Gegenstand<\/th><th class=\"column-2\">Wochenstunden<\/th>\n<\/tr>\n<\/thead>\n<tbody>\n<tr class=\"row-2\">\n\t<td class=\"column-1\">Verkehrserziehung<\/td><td class=\"column-2\">1<\/td>\n<\/tr>\n<\/tbody>\n<\/table>\n<!-- #tablepress-10 from cache --><\/p>\n<p style=\"text-align: center;\">\n","protected":false},"excerpt":{"rendered":"<p>Pflichtgegenst\u00e4nde Fachbereich Metall Fachbereich Elektro-Mechatronik Fachbereich Bau Fachbereich Holz Fachbereich Handel\/B\u00fcro Fachbereich Gesundheit, Sch\u00f6nheit und Soziales Fachbereich Tourismus, Umwelt und Nachhaltigkeit Unverbindliche \u00dcbungen<\/p>\n","protected":false},"author":5,"featured_media":0,"parent":444,"menu_order":40,"comment_status":"closed","ping_status":"closed","template":"","meta":{"footnotes":""},"class_list":["post-170","page","type-page","status-publish","hentry"],"yoast_head":"<!-- This site is optimized with the Yoast SEO plugin v26.6 - https:\/\/yoast.com\/wordpress\/plugins\/seo\/ -->\n<title>Stundentafel - PTS Horn<\/title>\n<meta name=\"robots\" content=\"index, follow, max-snippet:-1, max-image-preview:large, max-video-preview:-1\" \/>\n<link rel=\"canonical\" href=\"https:\/\/ptshorn.ac.at\/wordpress\/ueber-uns\/stundentafel\/\" \/>\n<meta property=\"og:locale\" content=\"de_DE\" \/>\n<meta property=\"og:type\" content=\"article\" \/>\n<meta property=\"og:title\" content=\"Stundentafel - PTS Horn\" \/>\n<meta property=\"og:description\" content=\"Pflichtgegenst\u00e4nde Fachbereich Metall Fachbereich Elektro-Mechatronik Fachbereich Bau Fachbereich Holz Fachbereich Handel\/B\u00fcro Fachbereich Gesundheit, Sch\u00f6nheit und Soziales Fachbereich Tourismus, Umwelt und Nachhaltigkeit Unverbindliche \u00dcbungen\" \/>\n<meta property=\"og:url\" content=\"https:\/\/ptshorn.ac.at\/wordpress\/ueber-uns\/stundentafel\/\" \/>\n<meta property=\"og:site_name\" content=\"PTS Horn\" \/>\n<meta property=\"article:modified_time\" content=\"2025-09-25T08:50:16+00:00\" \/>\n<meta property=\"og:image\" content=\"https:\/\/ptshorn.ac.at\/wordpress\/wp-content\/uploads\/2020\/10\/Trennlinie.png\" \/>\n<meta name=\"twitter:card\" content=\"summary_large_image\" \/>\n<meta name=\"twitter:label1\" content=\"Gesch\u00e4tzte Lesezeit\" \/>\n\t<meta name=\"twitter:data1\" content=\"1\u00a0Minute\" \/>\n<script type=\"application\/ld+json\" class=\"yoast-schema-graph\">{\"@context\":\"https:\/\/schema.org\",\"@graph\":[{\"@type\":\"WebPage\",\"@id\":\"https:\/\/ptshorn.ac.at\/wordpress\/ueber-uns\/stundentafel\/\",\"url\":\"https:\/\/ptshorn.ac.at\/wordpress\/ueber-uns\/stundentafel\/\",\"name\":\"Stundentafel - PTS Horn\",\"isPartOf\":{\"@id\":\"https:\/\/ptshorn.ac.at\/wordpress\/#website\"},\"primaryImageOfPage\":{\"@id\":\"https:\/\/ptshorn.ac.at\/wordpress\/ueber-uns\/stundentafel\/#primaryimage\"},\"image\":{\"@id\":\"https:\/\/ptshorn.ac.at\/wordpress\/ueber-uns\/stundentafel\/#primaryimage\"},\"thumbnailUrl\":\"https:\/\/ptshorn.ac.at\/wordpress\/wp-content\/uploads\/2020\/10\/Trennlinie.png\",\"datePublished\":\"2017-01-15T17:32:26+00:00\",\"dateModified\":\"2025-09-25T08:50:16+00:00\",\"breadcrumb\":{\"@id\":\"https:\/\/ptshorn.ac.at\/wordpress\/ueber-uns\/stundentafel\/#breadcrumb\"},\"inLanguage\":\"de\",\"potentialAction\":[{\"@type\":\"ReadAction\",\"target\":[\"https:\/\/ptshorn.ac.at\/wordpress\/ueber-uns\/stundentafel\/\"]}]},{\"@type\":\"ImageObject\",\"inLanguage\":\"de\",\"@id\":\"https:\/\/ptshorn.ac.at\/wordpress\/ueber-uns\/stundentafel\/#primaryimage\",\"url\":\"https:\/\/ptshorn.ac.at\/wordpress\/wp-content\/uploads\/2020\/10\/Trennlinie.png\",\"contentUrl\":\"https:\/\/ptshorn.ac.at\/wordpress\/wp-content\/uploads\/2020\/10\/Trennlinie.png\",\"width\":438,\"height\":35},{\"@type\":\"BreadcrumbList\",\"@id\":\"https:\/\/ptshorn.ac.at\/wordpress\/ueber-uns\/stundentafel\/#breadcrumb\",\"itemListElement\":[{\"@type\":\"ListItem\",\"position\":1,\"name\":\"Startseite\",\"item\":\"https:\/\/ptshorn.ac.at\/wordpress\/\"},{\"@type\":\"ListItem\",\"position\":2,\"name\":\"\u00dcber uns\",\"item\":\"https:\/\/ptshorn.ac.at\/wordpress\/ueber-uns\/\"},{\"@type\":\"ListItem\",\"position\":3,\"name\":\"Stundentafel\"}]},{\"@type\":\"WebSite\",\"@id\":\"https:\/\/ptshorn.ac.at\/wordpress\/#website\",\"url\":\"https:\/\/ptshorn.ac.at\/wordpress\/\",\"name\":\"PTS Horn\",\"description\":\"\",\"potentialAction\":[{\"@type\":\"SearchAction\",\"target\":{\"@type\":\"EntryPoint\",\"urlTemplate\":\"https:\/\/ptshorn.ac.at\/wordpress\/?s={search_term_string}\"},\"query-input\":{\"@type\":\"PropertyValueSpecification\",\"valueRequired\":true,\"valueName\":\"search_term_string\"}}],\"inLanguage\":\"de\"}]}<\/script>\n<!-- \/ Yoast SEO plugin. -->","yoast_head_json":{"title":"Stundentafel - PTS Horn","robots":{"index":"index","follow":"follow","max-snippet":"max-snippet:-1","max-image-preview":"max-image-preview:large","max-video-preview":"max-video-preview:-1"},"canonical":"https:\/\/ptshorn.ac.at\/wordpress\/ueber-uns\/stundentafel\/","og_locale":"de_DE","og_type":"article","og_title":"Stundentafel - PTS Horn","og_description":"Pflichtgegenst\u00e4nde Fachbereich Metall Fachbereich Elektro-Mechatronik Fachbereich Bau Fachbereich Holz Fachbereich Handel\/B\u00fcro Fachbereich Gesundheit, Sch\u00f6nheit und Soziales Fachbereich Tourismus, Umwelt und Nachhaltigkeit Unverbindliche \u00dcbungen","og_url":"https:\/\/ptshorn.ac.at\/wordpress\/ueber-uns\/stundentafel\/","og_site_name":"PTS Horn","article_modified_time":"2025-09-25T08:50:16+00:00","og_image":[{"url":"https:\/\/ptshorn.ac.at\/wordpress\/wp-content\/uploads\/2020\/10\/Trennlinie.png","type":"","width":"","height":""}],"twitter_card":"summary_large_image","twitter_misc":{"Gesch\u00e4tzte Lesezeit":"1\u00a0Minute"},"schema":{"@context":"https:\/\/schema.org","@graph":[{"@type":"WebPage","@id":"https:\/\/ptshorn.ac.at\/wordpress\/ueber-uns\/stundentafel\/","url":"https:\/\/ptshorn.ac.at\/wordpress\/ueber-uns\/stundentafel\/","name":"Stundentafel - PTS Horn","isPartOf":{"@id":"https:\/\/ptshorn.ac.at\/wordpress\/#website"},"primaryImageOfPage":{"@id":"https:\/\/ptshorn.ac.at\/wordpress\/ueber-uns\/stundentafel\/#primaryimage"},"image":{"@id":"https:\/\/ptshorn.ac.at\/wordpress\/ueber-uns\/stundentafel\/#primaryimage"},"thumbnailUrl":"https:\/\/ptshorn.ac.at\/wordpress\/wp-content\/uploads\/2020\/10\/Trennlinie.png","datePublished":"2017-01-15T17:32:26+00:00","dateModified":"2025-09-25T08:50:16+00:00","breadcrumb":{"@id":"https:\/\/ptshorn.ac.at\/wordpress\/ueber-uns\/stundentafel\/#breadcrumb"},"inLanguage":"de","potentialAction":[{"@type":"ReadAction","target":["https:\/\/ptshorn.ac.at\/wordpress\/ueber-uns\/stundentafel\/"]}]},{"@type":"ImageObject","inLanguage":"de","@id":"https:\/\/ptshorn.ac.at\/wordpress\/ueber-uns\/stundentafel\/#primaryimage","url":"https:\/\/ptshorn.ac.at\/wordpress\/wp-content\/uploads\/2020\/10\/Trennlinie.png","contentUrl":"https:\/\/ptshorn.ac.at\/wordpress\/wp-content\/uploads\/2020\/10\/Trennlinie.png","width":438,"height":35},{"@type":"BreadcrumbList","@id":"https:\/\/ptshorn.ac.at\/wordpress\/ueber-uns\/stundentafel\/#breadcrumb","itemListElement":[{"@type":"ListItem","position":1,"name":"Startseite","item":"https:\/\/ptshorn.ac.at\/wordpress\/"},{"@type":"ListItem","position":2,"name":"\u00dcber uns","item":"https:\/\/ptshorn.ac.at\/wordpress\/ueber-uns\/"},{"@type":"ListItem","position":3,"name":"Stundentafel"}]},{"@type":"WebSite","@id":"https:\/\/ptshorn.ac.at\/wordpress\/#website","url":"https:\/\/ptshorn.ac.at\/wordpress\/","name":"PTS Horn","description":"","potentialAction":[{"@type":"SearchAction","target":{"@type":"EntryPoint","urlTemplate":"https:\/\/ptshorn.ac.at\/wordpress\/?s={search_term_string}"},"query-input":{"@type":"PropertyValueSpecification","valueRequired":true,"valueName":"search_term_string"}}],"inLanguage":"de"}]}},"_links":{"self":[{"href":"https:\/\/ptshorn.ac.at\/wordpress\/wp-json\/wp\/v2\/pages\/170","targetHints":{"allow":["GET"]}}],"collection":[{"href":"https:\/\/ptshorn.ac.at\/wordpress\/wp-json\/wp\/v2\/pages"}],"about":[{"href":"https:\/\/ptshorn.ac.at\/wordpress\/wp-json\/wp\/v2\/types\/page"}],"author":[{"embeddable":true,"href":"https:\/\/ptshorn.ac.at\/wordpress\/wp-json\/wp\/v2\/users\/5"}],"replies":[{"embeddable":true,"href":"https:\/\/ptshorn.ac.at\/wordpress\/wp-json\/wp\/v2\/comments?post=170"}],"version-history":[{"count":21,"href":"https:\/\/ptshorn.ac.at\/wordpress\/wp-json\/wp\/v2\/pages\/170\/revisions"}],"predecessor-version":[{"id":10582,"href":"https:\/\/ptshorn.ac.at\/wordpress\/wp-json\/wp\/v2\/pages\/170\/revisions\/10582"}],"up":[{"embeddable":true,"href":"https:\/\/ptshorn.ac.at\/wordpress\/wp-json\/wp\/v2\/pages\/444"}],"wp:attachment":[{"href":"https:\/\/ptshorn.ac.at\/wordpress\/wp-json\/wp\/v2\/media?parent=170"}],"curies":[{"name":"wp","href":"https:\/\/api.w.org\/{rel}","templated":true}]}}